{"id":2375,"date":"2024-09-20T15:42:04","date_gmt":"2024-09-20T15:42:04","guid":{"rendered":"https:\/\/offimex.com\/produit\/im-c2510-2\/"},"modified":"2024-09-20T15:42:04","modified_gmt":"2024-09-20T15:42:04","slug":"im-c2510-2","status":"publish","type":"product","link":"https:\/\/offimex.com\/nl\/produit\/im-c2510-2\/","title":{"rendered":"IM C2510"},"content":{"rendered":"","protected":false},"excerpt":{"rendered":"<h2>Faisons en sorte que votre infrastructure d&#8217;impression soit une passerelle vers votre espace de travail num\u00e9rique.<\/h2>\n<p>Alors que les modes de travail \u00e9voluent, la num\u00e9risation, la flexibilit\u00e9 et le travail en \u00e9quipe sont essentiels pour que votre organisation reste comp\u00e9titive. Les services d&#8217;impression et d&#8217;automatisation manag\u00e9s de Ricoh mettent en valeur votre infrastructure d&#8217;impression gr\u00e2ce \u00e0 des solutions g\u00e9r\u00e9es sur mesure qui responsabilisent votre personnel, am\u00e9liorent l&#8217;efficacit\u00e9, r\u00e9duisent les co\u00fbts, renforcent la s\u00e9curit\u00e9 et favorisent le d\u00e9veloppement durable. Notre s\u00e9rie IM C, leader sur le march\u00e9, est con\u00e7ue de mani\u00e8re innovante. Les appareils s&#8217;int\u00e8grent de fa\u00e7on homog\u00e8ne aux services bas\u00e9s dans le Cloud et offrent une impression, une num\u00e9risation et une automatisation du flux de travail de haute qualit\u00e9.<\/p>\n","protected":false},"featured_media":2032,"comment_status":"closed","ping_status":"closed","template":"","meta":{"_acf_changed":false,"_et_pb_use_builder":"","_et_pb_old_content":"","_et_gb_content_width":""},"product_brand":[],"product_cat":[50,51],"product_tag":[],"class_list":{"0":"post-2375","1":"product","2":"type-product","3":"status-publish","4":"has-post-thumbnail","6":"product_cat-couleurs-nl","7":"product_cat-multifonctions-ricoh-nl","9":"first","10":"instock","11":"product-type-simple"},"acf":[],"yoast_head":"<!-- This site is optimized with the Yoast SEO plugin v25.7 - https:\/\/yoast.com\/wordpress\/plugins\/seo\/ -->\n<title>IM C2510 - Offimex<\/title>\n<meta name=\"robots\" content=\"index, follow, max-snippet:-1, max-image-preview:large, max-video-preview:-1\" \/>\n<link rel=\"canonical\" href=\"https:\/\/offimex.com\/nl\/produit\/im-c2510-2\/\" \/>\n<meta property=\"og:locale\" content=\"nl_NL\" \/>\n<meta property=\"og:type\" content=\"article\" \/>\n<meta property=\"og:title\" content=\"IM C2510 - Offimex\" \/>\n<meta property=\"og:description\" content=\"Faisons en sorte que votre infrastructure d&#039;impression soit une passerelle vers votre espace de travail num\u00e9rique. Alors que les modes de travail \u00e9voluent, la num\u00e9risation, la flexibilit\u00e9 et le travail en \u00e9quipe sont essentiels pour que votre organisation reste comp\u00e9titive. Les services d&#039;impression et d&#039;automatisation manag\u00e9s de Ricoh mettent en valeur votre infrastructure d&#039;impression gr\u00e2ce \u00e0 des solutions g\u00e9r\u00e9es sur mesure qui responsabilisent votre personnel, am\u00e9liorent l&#039;efficacit\u00e9, r\u00e9duisent les co\u00fbts, renforcent la s\u00e9curit\u00e9 et favorisent le d\u00e9veloppement durable. Notre s\u00e9rie IM C, leader sur le march\u00e9, est con\u00e7ue de mani\u00e8re innovante. Les appareils s&#039;int\u00e8grent de fa\u00e7on homog\u00e8ne aux services bas\u00e9s dans le Cloud et offrent une impression, une num\u00e9risation et une automatisation du flux de travail de haute qualit\u00e9.\" \/>\n<meta property=\"og:url\" content=\"https:\/\/offimex.com\/nl\/produit\/im-c2510-2\/\" \/>\n<meta property=\"og:site_name\" content=\"Offimex\" \/>\n<meta name=\"twitter:card\" content=\"summary_large_image\" \/>\n<script type=\"application\/ld+json\" class=\"yoast-schema-graph\">{\"@context\":\"https:\/\/schema.org\",\"@graph\":[{\"@type\":\"WebPage\",\"@id\":\"https:\/\/offimex.com\/nl\/produit\/im-c2510-2\/\",\"url\":\"https:\/\/offimex.com\/nl\/produit\/im-c2510-2\/\",\"name\":\"IM C2510 - Offimex\",\"isPartOf\":{\"@id\":\"https:\/\/offimex.com\/nl\/#website\"},\"primaryImageOfPage\":{\"@id\":\"https:\/\/offimex.com\/nl\/produit\/im-c2510-2\/#primaryimage\"},\"image\":{\"@id\":\"https:\/\/offimex.com\/nl\/produit\/im-c2510-2\/#primaryimage\"},\"thumbnailUrl\":\"https:\/\/offimex.com\/wp-content\/uploads\/2024\/09\/offimex-imc-2010-1-1.jpg\",\"datePublished\":\"2024-09-20T15:42:04+00:00\",\"breadcrumb\":{\"@id\":\"https:\/\/offimex.com\/nl\/produit\/im-c2510-2\/#breadcrumb\"},\"inLanguage\":\"nl-NL\",\"potentialAction\":[{\"@type\":\"ReadAction\",\"target\":[\"https:\/\/offimex.com\/nl\/produit\/im-c2510-2\/\"]}]},{\"@type\":\"ImageObject\",\"inLanguage\":\"nl-NL\",\"@id\":\"https:\/\/offimex.com\/nl\/produit\/im-c2510-2\/#primaryimage\",\"url\":\"https:\/\/offimex.com\/wp-content\/uploads\/2024\/09\/offimex-imc-2010-1-1.jpg\",\"contentUrl\":\"https:\/\/offimex.com\/wp-content\/uploads\/2024\/09\/offimex-imc-2010-1-1.jpg\",\"width\":900,\"height\":900},{\"@type\":\"BreadcrumbList\",\"@id\":\"https:\/\/offimex.com\/nl\/produit\/im-c2510-2\/#breadcrumb\",\"itemListElement\":[{\"@type\":\"ListItem\",\"position\":1,\"name\":\"Accueil\",\"item\":\"https:\/\/offimex.com\/nl\/\"},{\"@type\":\"ListItem\",\"position\":2,\"name\":\"Boutique\",\"item\":\"https:\/\/offimex.com\/boutique\/\"},{\"@type\":\"ListItem\",\"position\":3,\"name\":\"IM C2510\"}]},{\"@type\":\"WebSite\",\"@id\":\"https:\/\/offimex.com\/nl\/#website\",\"url\":\"https:\/\/offimex.com\/nl\/\",\"name\":\"Offimex\",\"description\":\"\",\"publisher\":{\"@id\":\"https:\/\/offimex.com\/nl\/#organization\"},\"potentialAction\":[{\"@type\":\"SearchAction\",\"target\":{\"@type\":\"EntryPoint\",\"urlTemplate\":\"https:\/\/offimex.com\/nl\/?s={search_term_string}\"},\"query-input\":{\"@type\":\"PropertyValueSpecification\",\"valueRequired\":true,\"valueName\":\"search_term_string\"}}],\"inLanguage\":\"nl-NL\"},{\"@type\":\"Organization\",\"@id\":\"https:\/\/offimex.com\/nl\/#organization\",\"name\":\"Offimex\",\"url\":\"https:\/\/offimex.com\/nl\/\",\"logo\":{\"@type\":\"ImageObject\",\"inLanguage\":\"nl-NL\",\"@id\":\"https:\/\/offimex.com\/nl\/#\/schema\/logo\/image\/\",\"url\":\"https:\/\/offimex.com\/wp-content\/uploads\/2024\/05\/cropped-icon-logo-offimex-Saint-Gilles-1.png\",\"contentUrl\":\"https:\/\/offimex.com\/wp-content\/uploads\/2024\/05\/cropped-icon-logo-offimex-Saint-Gilles-1.png\",\"width\":512,\"height\":512,\"caption\":\"Offimex\"},\"image\":{\"@id\":\"https:\/\/offimex.com\/nl\/#\/schema\/logo\/image\/\"}}]}<\/script>\n<!-- \/ Yoast SEO plugin. -->","yoast_head_json":{"title":"IM C2510 - Offimex","robots":{"index":"index","follow":"follow","max-snippet":"max-snippet:-1","max-image-preview":"max-image-preview:large","max-video-preview":"max-video-preview:-1"},"canonical":"https:\/\/offimex.com\/nl\/produit\/im-c2510-2\/","og_locale":"nl_NL","og_type":"article","og_title":"IM C2510 - Offimex","og_description":"Faisons en sorte que votre infrastructure d'impression soit une passerelle vers votre espace de travail num\u00e9rique. Alors que les modes de travail \u00e9voluent, la num\u00e9risation, la flexibilit\u00e9 et le travail en \u00e9quipe sont essentiels pour que votre organisation reste comp\u00e9titive. Les services d'impression et d'automatisation manag\u00e9s de Ricoh mettent en valeur votre infrastructure d'impression gr\u00e2ce \u00e0 des solutions g\u00e9r\u00e9es sur mesure qui responsabilisent votre personnel, am\u00e9liorent l'efficacit\u00e9, r\u00e9duisent les co\u00fbts, renforcent la s\u00e9curit\u00e9 et favorisent le d\u00e9veloppement durable. Notre s\u00e9rie IM C, leader sur le march\u00e9, est con\u00e7ue de mani\u00e8re innovante. Les appareils s'int\u00e8grent de fa\u00e7on homog\u00e8ne aux services bas\u00e9s dans le Cloud et offrent une impression, une num\u00e9risation et une automatisation du flux de travail de haute qualit\u00e9.","og_url":"https:\/\/offimex.com\/nl\/produit\/im-c2510-2\/","og_site_name":"Offimex","twitter_card":"summary_large_image","schema":{"@context":"https:\/\/schema.org","@graph":[{"@type":"WebPage","@id":"https:\/\/offimex.com\/nl\/produit\/im-c2510-2\/","url":"https:\/\/offimex.com\/nl\/produit\/im-c2510-2\/","name":"IM C2510 - Offimex","isPartOf":{"@id":"https:\/\/offimex.com\/nl\/#website"},"primaryImageOfPage":{"@id":"https:\/\/offimex.com\/nl\/produit\/im-c2510-2\/#primaryimage"},"image":{"@id":"https:\/\/offimex.com\/nl\/produit\/im-c2510-2\/#primaryimage"},"thumbnailUrl":"https:\/\/offimex.com\/wp-content\/uploads\/2024\/09\/offimex-imc-2010-1-1.jpg","datePublished":"2024-09-20T15:42:04+00:00","breadcrumb":{"@id":"https:\/\/offimex.com\/nl\/produit\/im-c2510-2\/#breadcrumb"},"inLanguage":"nl-NL","potentialAction":[{"@type":"ReadAction","target":["https:\/\/offimex.com\/nl\/produit\/im-c2510-2\/"]}]},{"@type":"ImageObject","inLanguage":"nl-NL","@id":"https:\/\/offimex.com\/nl\/produit\/im-c2510-2\/#primaryimage","url":"https:\/\/offimex.com\/wp-content\/uploads\/2024\/09\/offimex-imc-2010-1-1.jpg","contentUrl":"https:\/\/offimex.com\/wp-content\/uploads\/2024\/09\/offimex-imc-2010-1-1.jpg","width":900,"height":900},{"@type":"BreadcrumbList","@id":"https:\/\/offimex.com\/nl\/produit\/im-c2510-2\/#breadcrumb","itemListElement":[{"@type":"ListItem","position":1,"name":"Accueil","item":"https:\/\/offimex.com\/nl\/"},{"@type":"ListItem","position":2,"name":"Boutique","item":"https:\/\/offimex.com\/boutique\/"},{"@type":"ListItem","position":3,"name":"IM C2510"}]},{"@type":"WebSite","@id":"https:\/\/offimex.com\/nl\/#website","url":"https:\/\/offimex.com\/nl\/","name":"Offimex","description":"","publisher":{"@id":"https:\/\/offimex.com\/nl\/#organization"},"potentialAction":[{"@type":"SearchAction","target":{"@type":"EntryPoint","urlTemplate":"https:\/\/offimex.com\/nl\/?s={search_term_string}"},"query-input":{"@type":"PropertyValueSpecification","valueRequired":true,"valueName":"search_term_string"}}],"inLanguage":"nl-NL"},{"@type":"Organization","@id":"https:\/\/offimex.com\/nl\/#organization","name":"Offimex","url":"https:\/\/offimex.com\/nl\/","logo":{"@type":"ImageObject","inLanguage":"nl-NL","@id":"https:\/\/offimex.com\/nl\/#\/schema\/logo\/image\/","url":"https:\/\/offimex.com\/wp-content\/uploads\/2024\/05\/cropped-icon-logo-offimex-Saint-Gilles-1.png","contentUrl":"https:\/\/offimex.com\/wp-content\/uploads\/2024\/05\/cropped-icon-logo-offimex-Saint-Gilles-1.png","width":512,"height":512,"caption":"Offimex"},"image":{"@id":"https:\/\/offimex.com\/nl\/#\/schema\/logo\/image\/"}}]}},"_links":{"self":[{"href":"https:\/\/offimex.com\/nl\/wp-json\/wp\/v2\/product\/2375","targetHints":{"allow":["GET"]}}],"collection":[{"href":"https:\/\/offimex.com\/nl\/wp-json\/wp\/v2\/product"}],"about":[{"href":"https:\/\/offimex.com\/nl\/wp-json\/wp\/v2\/types\/product"}],"replies":[{"embeddable":true,"href":"https:\/\/offimex.com\/nl\/wp-json\/wp\/v2\/comments?post=2375"}],"wp:featuredmedia":[{"embeddable":true,"href":"https:\/\/offimex.com\/nl\/wp-json\/wp\/v2\/media\/2032"}],"wp:attachment":[{"href":"https:\/\/offimex.com\/nl\/wp-json\/wp\/v2\/media?parent=2375"}],"wp:term":[{"taxonomy":"product_brand","embeddable":true,"href":"https:\/\/offimex.com\/nl\/wp-json\/wp\/v2\/product_brand?post=2375"},{"taxonomy":"product_cat","embeddable":true,"href":"https:\/\/offimex.com\/nl\/wp-json\/wp\/v2\/product_cat?post=2375"},{"taxonomy":"product_tag","embeddable":true,"href":"https:\/\/offimex.com\/nl\/wp-json\/wp\/v2\/product_tag?post=2375"}],"curies":[{"name":"wp","href":"https:\/\/api.w.org\/{rel}","templated":true}]}}