{"id":2369,"date":"2024-09-20T15:42:04","date_gmt":"2024-09-20T15:42:04","guid":{"rendered":"https:\/\/offimex.com\/produit\/pro-8310\/"},"modified":"2024-09-20T15:42:04","modified_gmt":"2024-09-20T15:42:04","slug":"pro-8310","status":"publish","type":"product","link":"https:\/\/offimex.com\/nl\/produit\/pro-8310\/","title":{"rendered":"PRO 8310"},"content":{"rendered":"","protected":false},"excerpt":{"rendered":"<p>La nouvelle presse Ricoh Pro 8310 r\u00e9pond exactement aux exigences de votre activit\u00e9. Et plus encore. Nos presses impriment \u00e0 des vitesses impressionnantes jusqu&#8217;\u00e0 136 ppm pour traiter efficacement les forts volumes d&#8217;impression. Elles offrent un design robuste et des gains de temps gr\u00e2ce \u00e0 la reprise automatique qui permet de r\u00e9duire les temps d&#8217;arr\u00eat et d&#8217;optimiser le d\u00e9lai de traitement, ainsi qu&#8217;un panneau de commande tactile et \u00e9largi pour une utilisation simple.<\/p>\n","protected":false},"featured_media":0,"comment_status":"closed","ping_status":"closed","template":"","meta":{"_acf_changed":false,"_et_pb_use_builder":"","_et_pb_old_content":"","_et_gb_content_width":""},"product_brand":[],"product_cat":[75,78],"product_tag":[],"class_list":{"0":"post-2369","1":"product","2":"type-product","3":"status-publish","5":"product_cat-gamme-pro-haut-volume-nl","6":"product_cat-noir-et-blanc-gamme-pro-haut-volume-nl","8":"first","9":"instock","10":"product-type-simple"},"acf":[],"yoast_head":"<!-- This site is optimized with the Yoast SEO plugin v27.4 - https:\/\/yoast.com\/product\/yoast-seo-wordpress\/ -->\n<title>PRO 8310 - Offimex<\/title>\n<meta name=\"robots\" content=\"index, follow, max-snippet:-1, max-image-preview:large, max-video-preview:-1\" \/>\n<link rel=\"canonical\" href=\"https:\/\/offimex.com\/nl\/produit\/pro-8310\/\" \/>\n<meta property=\"og:locale\" content=\"nl_NL\" \/>\n<meta property=\"og:type\" content=\"article\" \/>\n<meta property=\"og:title\" content=\"PRO 8310 - Offimex\" \/>\n<meta property=\"og:description\" content=\"La nouvelle presse Ricoh Pro 8310 r\u00e9pond exactement aux exigences de votre activit\u00e9. Et plus encore. Nos presses impriment \u00e0 des vitesses impressionnantes jusqu&#039;\u00e0 136 ppm pour traiter efficacement les forts volumes d&#039;impression. Elles offrent un design robuste et des gains de temps gr\u00e2ce \u00e0 la reprise automatique qui permet de r\u00e9duire les temps d&#039;arr\u00eat et d&#039;optimiser le d\u00e9lai de traitement, ainsi qu&#039;un panneau de commande tactile et \u00e9largi pour une utilisation simple.\" \/>\n<meta property=\"og:url\" content=\"https:\/\/offimex.com\/nl\/produit\/pro-8310\/\" \/>\n<meta property=\"og:site_name\" content=\"Offimex\" \/>\n<meta name=\"twitter:card\" content=\"summary_large_image\" \/>\n<script type=\"application\/ld+json\" class=\"yoast-schema-graph\">{\"@context\":\"https:\\\/\\\/schema.org\",\"@graph\":[{\"@type\":\"WebPage\",\"@id\":\"https:\\\/\\\/offimex.com\\\/nl\\\/produit\\\/pro-8310\\\/\",\"url\":\"https:\\\/\\\/offimex.com\\\/nl\\\/produit\\\/pro-8310\\\/\",\"name\":\"PRO 8310 - Offimex\",\"isPartOf\":{\"@id\":\"https:\\\/\\\/offimex.com\\\/nl\\\/#website\"},\"datePublished\":\"2024-09-20T15:42:04+00:00\",\"breadcrumb\":{\"@id\":\"https:\\\/\\\/offimex.com\\\/nl\\\/produit\\\/pro-8310\\\/#breadcrumb\"},\"inLanguage\":\"nl-NL\",\"potentialAction\":[{\"@type\":\"ReadAction\",\"target\":[\"https:\\\/\\\/offimex.com\\\/nl\\\/produit\\\/pro-8310\\\/\"]}]},{\"@type\":\"BreadcrumbList\",\"@id\":\"https:\\\/\\\/offimex.com\\\/nl\\\/produit\\\/pro-8310\\\/#breadcrumb\",\"itemListElement\":[{\"@type\":\"ListItem\",\"position\":1,\"name\":\"Accueil\",\"item\":\"https:\\\/\\\/offimex.com\\\/nl\\\/\"},{\"@type\":\"ListItem\",\"position\":2,\"name\":\"Boutique\",\"item\":\"https:\\\/\\\/offimex.com\\\/boutique\\\/\"},{\"@type\":\"ListItem\",\"position\":3,\"name\":\"PRO 8310\"}]},{\"@type\":\"WebSite\",\"@id\":\"https:\\\/\\\/offimex.com\\\/nl\\\/#website\",\"url\":\"https:\\\/\\\/offimex.com\\\/nl\\\/\",\"name\":\"Offimex\",\"description\":\"\",\"publisher\":{\"@id\":\"https:\\\/\\\/offimex.com\\\/nl\\\/#organization\"},\"potentialAction\":[{\"@type\":\"SearchAction\",\"target\":{\"@type\":\"EntryPoint\",\"urlTemplate\":\"https:\\\/\\\/offimex.com\\\/nl\\\/?s={search_term_string}\"},\"query-input\":{\"@type\":\"PropertyValueSpecification\",\"valueRequired\":true,\"valueName\":\"search_term_string\"}}],\"inLanguage\":\"nl-NL\"},{\"@type\":\"Organization\",\"@id\":\"https:\\\/\\\/offimex.com\\\/nl\\\/#organization\",\"name\":\"Offimex\",\"url\":\"https:\\\/\\\/offimex.com\\\/nl\\\/\",\"logo\":{\"@type\":\"ImageObject\",\"inLanguage\":\"nl-NL\",\"@id\":\"https:\\\/\\\/offimex.com\\\/nl\\\/#\\\/schema\\\/logo\\\/image\\\/\",\"url\":\"https:\\\/\\\/offimex.com\\\/wp-content\\\/uploads\\\/2024\\\/05\\\/cropped-icon-logo-offimex-Saint-Gilles-1.png\",\"contentUrl\":\"https:\\\/\\\/offimex.com\\\/wp-content\\\/uploads\\\/2024\\\/05\\\/cropped-icon-logo-offimex-Saint-Gilles-1.png\",\"width\":512,\"height\":512,\"caption\":\"Offimex\"},\"image\":{\"@id\":\"https:\\\/\\\/offimex.com\\\/nl\\\/#\\\/schema\\\/logo\\\/image\\\/\"}}]}<\/script>\n<!-- \/ Yoast SEO plugin. -->","yoast_head_json":{"title":"PRO 8310 - Offimex","robots":{"index":"index","follow":"follow","max-snippet":"max-snippet:-1","max-image-preview":"max-image-preview:large","max-video-preview":"max-video-preview:-1"},"canonical":"https:\/\/offimex.com\/nl\/produit\/pro-8310\/","og_locale":"nl_NL","og_type":"article","og_title":"PRO 8310 - Offimex","og_description":"La nouvelle presse Ricoh Pro 8310 r\u00e9pond exactement aux exigences de votre activit\u00e9. Et plus encore. Nos presses impriment \u00e0 des vitesses impressionnantes jusqu'\u00e0 136 ppm pour traiter efficacement les forts volumes d'impression. Elles offrent un design robuste et des gains de temps gr\u00e2ce \u00e0 la reprise automatique qui permet de r\u00e9duire les temps d'arr\u00eat et d'optimiser le d\u00e9lai de traitement, ainsi qu'un panneau de commande tactile et \u00e9largi pour une utilisation simple.","og_url":"https:\/\/offimex.com\/nl\/produit\/pro-8310\/","og_site_name":"Offimex","twitter_card":"summary_large_image","schema":{"@context":"https:\/\/schema.org","@graph":[{"@type":"WebPage","@id":"https:\/\/offimex.com\/nl\/produit\/pro-8310\/","url":"https:\/\/offimex.com\/nl\/produit\/pro-8310\/","name":"PRO 8310 - Offimex","isPartOf":{"@id":"https:\/\/offimex.com\/nl\/#website"},"datePublished":"2024-09-20T15:42:04+00:00","breadcrumb":{"@id":"https:\/\/offimex.com\/nl\/produit\/pro-8310\/#breadcrumb"},"inLanguage":"nl-NL","potentialAction":[{"@type":"ReadAction","target":["https:\/\/offimex.com\/nl\/produit\/pro-8310\/"]}]},{"@type":"BreadcrumbList","@id":"https:\/\/offimex.com\/nl\/produit\/pro-8310\/#breadcrumb","itemListElement":[{"@type":"ListItem","position":1,"name":"Accueil","item":"https:\/\/offimex.com\/nl\/"},{"@type":"ListItem","position":2,"name":"Boutique","item":"https:\/\/offimex.com\/boutique\/"},{"@type":"ListItem","position":3,"name":"PRO 8310"}]},{"@type":"WebSite","@id":"https:\/\/offimex.com\/nl\/#website","url":"https:\/\/offimex.com\/nl\/","name":"Offimex","description":"","publisher":{"@id":"https:\/\/offimex.com\/nl\/#organization"},"potentialAction":[{"@type":"SearchAction","target":{"@type":"EntryPoint","urlTemplate":"https:\/\/offimex.com\/nl\/?s={search_term_string}"},"query-input":{"@type":"PropertyValueSpecification","valueRequired":true,"valueName":"search_term_string"}}],"inLanguage":"nl-NL"},{"@type":"Organization","@id":"https:\/\/offimex.com\/nl\/#organization","name":"Offimex","url":"https:\/\/offimex.com\/nl\/","logo":{"@type":"ImageObject","inLanguage":"nl-NL","@id":"https:\/\/offimex.com\/nl\/#\/schema\/logo\/image\/","url":"https:\/\/offimex.com\/wp-content\/uploads\/2024\/05\/cropped-icon-logo-offimex-Saint-Gilles-1.png","contentUrl":"https:\/\/offimex.com\/wp-content\/uploads\/2024\/05\/cropped-icon-logo-offimex-Saint-Gilles-1.png","width":512,"height":512,"caption":"Offimex"},"image":{"@id":"https:\/\/offimex.com\/nl\/#\/schema\/logo\/image\/"}}]}},"_links":{"self":[{"href":"https:\/\/offimex.com\/nl\/wp-json\/wp\/v2\/product\/2369","targetHints":{"allow":["GET"]}}],"collection":[{"href":"https:\/\/offimex.com\/nl\/wp-json\/wp\/v2\/product"}],"about":[{"href":"https:\/\/offimex.com\/nl\/wp-json\/wp\/v2\/types\/product"}],"replies":[{"embeddable":true,"href":"https:\/\/offimex.com\/nl\/wp-json\/wp\/v2\/comments?post=2369"}],"wp:attachment":[{"href":"https:\/\/offimex.com\/nl\/wp-json\/wp\/v2\/media?parent=2369"}],"wp:term":[{"taxonomy":"product_brand","embeddable":true,"href":"https:\/\/offimex.com\/nl\/wp-json\/wp\/v2\/product_brand?post=2369"},{"taxonomy":"product_cat","embeddable":true,"href":"https:\/\/offimex.com\/nl\/wp-json\/wp\/v2\/product_cat?post=2369"},{"taxonomy":"product_tag","embeddable":true,"href":"https:\/\/offimex.com\/nl\/wp-json\/wp\/v2\/product_tag?post=2369"}],"curies":[{"name":"wp","href":"https:\/\/api.w.org\/{rel}","templated":true}]}}