{"id":2353,"date":"2024-09-20T15:42:05","date_gmt":"2024-09-20T15:42:05","guid":{"rendered":"https:\/\/offimex.com\/produit\/imcw-2200\/"},"modified":"2024-09-20T15:42:05","modified_gmt":"2024-09-20T15:42:05","slug":"imcw-2200","status":"publish","type":"product","link":"https:\/\/offimex.com\/nl\/produit\/imcw-2200\/","title":{"rendered":"IMCW 2200"},"content":{"rendered":"","protected":false},"excerpt":{"rendered":"<p>Con\u00e7u pour les applications CAO\/SIG et d\u2019affichage, le IMCW 2200 de Ricoh propose une vitesse d\u2019impression et une qualit\u00e9 d&#8217;image optimales pour vous aider \u00e0 traiter un plus grand volume monochrome et \u00e0 augmenter votre productivit\u00e9 en impression couleur. De plus, l&#8217;encre imperm\u00e9able GELJetTM, des fonctions in\u00e9dites comme le panneau de commande intelligent et le syst\u00e8me de d\u00e9tection automatique d&#8217;obstruction des buses vous aideront \u00e0 optimiser votre efficacit\u00e9 et \u00e0 rester tr\u00e8s concurrentiel. C\u2019est donc la solution id\u00e9ale pour les applications de CAO couleur et d\u2019affichage, aussi bien pour l\u2019int\u00e9rieur que pour l\u2019ext\u00e9rieur.<\/p>\n","protected":false},"featured_media":2023,"comment_status":"closed","ping_status":"closed","template":"","meta":{"_acf_changed":false,"_et_pb_use_builder":"","_et_pb_old_content":"","_et_gb_content_width":""},"product_brand":[],"product_cat":[72],"product_tag":[],"class_list":{"0":"post-2353","1":"product","2":"type-product","3":"status-publish","4":"has-post-thumbnail","6":"product_cat-copieurs-grand-format-nl","8":"first","9":"instock","10":"product-type-simple"},"acf":[],"yoast_head":"<!-- This site is optimized with the Yoast SEO plugin v27.4 - https:\/\/yoast.com\/product\/yoast-seo-wordpress\/ -->\n<title>IMCW 2200 - Offimex<\/title>\n<meta name=\"robots\" content=\"index, follow, max-snippet:-1, max-image-preview:large, max-video-preview:-1\" \/>\n<link rel=\"canonical\" href=\"https:\/\/offimex.com\/nl\/produit\/imcw-2200\/\" \/>\n<meta property=\"og:locale\" content=\"nl_NL\" \/>\n<meta property=\"og:type\" content=\"article\" \/>\n<meta property=\"og:title\" content=\"IMCW 2200 - Offimex\" \/>\n<meta property=\"og:description\" content=\"Con\u00e7u pour les applications CAO\/SIG et d\u2019affichage, le IMCW 2200 de Ricoh propose une vitesse d\u2019impression et une qualit\u00e9 d&#039;image optimales pour vous aider \u00e0 traiter un plus grand volume monochrome et \u00e0 augmenter votre productivit\u00e9 en impression couleur. De plus, l&#039;encre imperm\u00e9able GELJetTM, des fonctions in\u00e9dites comme le panneau de commande intelligent et le syst\u00e8me de d\u00e9tection automatique d&#039;obstruction des buses vous aideront \u00e0 optimiser votre efficacit\u00e9 et \u00e0 rester tr\u00e8s concurrentiel. C\u2019est donc la solution id\u00e9ale pour les applications de CAO couleur et d\u2019affichage, aussi bien pour l\u2019int\u00e9rieur que pour l\u2019ext\u00e9rieur.\" \/>\n<meta property=\"og:url\" content=\"https:\/\/offimex.com\/nl\/produit\/imcw-2200\/\" \/>\n<meta property=\"og:site_name\" content=\"Offimex\" \/>\n<meta name=\"twitter:card\" content=\"summary_large_image\" \/>\n<script type=\"application\/ld+json\" class=\"yoast-schema-graph\">{\"@context\":\"https:\\\/\\\/schema.org\",\"@graph\":[{\"@type\":\"WebPage\",\"@id\":\"https:\\\/\\\/offimex.com\\\/nl\\\/produit\\\/imcw-2200\\\/\",\"url\":\"https:\\\/\\\/offimex.com\\\/nl\\\/produit\\\/imcw-2200\\\/\",\"name\":\"IMCW 2200 - Offimex\",\"isPartOf\":{\"@id\":\"https:\\\/\\\/offimex.com\\\/nl\\\/#website\"},\"primaryImageOfPage\":{\"@id\":\"https:\\\/\\\/offimex.com\\\/nl\\\/produit\\\/imcw-2200\\\/#primaryimage\"},\"image\":{\"@id\":\"https:\\\/\\\/offimex.com\\\/nl\\\/produit\\\/imcw-2200\\\/#primaryimage\"},\"thumbnailUrl\":\"https:\\\/\\\/offimex.com\\\/wp-content\\\/uploads\\\/2024\\\/09\\\/MP-CW2201SP-504_tcm79-21053-1.jpg\",\"datePublished\":\"2024-09-20T15:42:05+00:00\",\"breadcrumb\":{\"@id\":\"https:\\\/\\\/offimex.com\\\/nl\\\/produit\\\/imcw-2200\\\/#breadcrumb\"},\"inLanguage\":\"nl-NL\",\"potentialAction\":[{\"@type\":\"ReadAction\",\"target\":[\"https:\\\/\\\/offimex.com\\\/nl\\\/produit\\\/imcw-2200\\\/\"]}]},{\"@type\":\"ImageObject\",\"inLanguage\":\"nl-NL\",\"@id\":\"https:\\\/\\\/offimex.com\\\/nl\\\/produit\\\/imcw-2200\\\/#primaryimage\",\"url\":\"https:\\\/\\\/offimex.com\\\/wp-content\\\/uploads\\\/2024\\\/09\\\/MP-CW2201SP-504_tcm79-21053-1.jpg\",\"contentUrl\":\"https:\\\/\\\/offimex.com\\\/wp-content\\\/uploads\\\/2024\\\/09\\\/MP-CW2201SP-504_tcm79-21053-1.jpg\",\"width\":504,\"height\":504},{\"@type\":\"BreadcrumbList\",\"@id\":\"https:\\\/\\\/offimex.com\\\/nl\\\/produit\\\/imcw-2200\\\/#breadcrumb\",\"itemListElement\":[{\"@type\":\"ListItem\",\"position\":1,\"name\":\"Accueil\",\"item\":\"https:\\\/\\\/offimex.com\\\/nl\\\/\"},{\"@type\":\"ListItem\",\"position\":2,\"name\":\"Boutique\",\"item\":\"https:\\\/\\\/offimex.com\\\/boutique\\\/\"},{\"@type\":\"ListItem\",\"position\":3,\"name\":\"IMCW 2200\"}]},{\"@type\":\"WebSite\",\"@id\":\"https:\\\/\\\/offimex.com\\\/nl\\\/#website\",\"url\":\"https:\\\/\\\/offimex.com\\\/nl\\\/\",\"name\":\"Offimex\",\"description\":\"\",\"publisher\":{\"@id\":\"https:\\\/\\\/offimex.com\\\/nl\\\/#organization\"},\"potentialAction\":[{\"@type\":\"SearchAction\",\"target\":{\"@type\":\"EntryPoint\",\"urlTemplate\":\"https:\\\/\\\/offimex.com\\\/nl\\\/?s={search_term_string}\"},\"query-input\":{\"@type\":\"PropertyValueSpecification\",\"valueRequired\":true,\"valueName\":\"search_term_string\"}}],\"inLanguage\":\"nl-NL\"},{\"@type\":\"Organization\",\"@id\":\"https:\\\/\\\/offimex.com\\\/nl\\\/#organization\",\"name\":\"Offimex\",\"url\":\"https:\\\/\\\/offimex.com\\\/nl\\\/\",\"logo\":{\"@type\":\"ImageObject\",\"inLanguage\":\"nl-NL\",\"@id\":\"https:\\\/\\\/offimex.com\\\/nl\\\/#\\\/schema\\\/logo\\\/image\\\/\",\"url\":\"https:\\\/\\\/offimex.com\\\/wp-content\\\/uploads\\\/2024\\\/05\\\/cropped-icon-logo-offimex-Saint-Gilles-1.png\",\"contentUrl\":\"https:\\\/\\\/offimex.com\\\/wp-content\\\/uploads\\\/2024\\\/05\\\/cropped-icon-logo-offimex-Saint-Gilles-1.png\",\"width\":512,\"height\":512,\"caption\":\"Offimex\"},\"image\":{\"@id\":\"https:\\\/\\\/offimex.com\\\/nl\\\/#\\\/schema\\\/logo\\\/image\\\/\"}}]}<\/script>\n<!-- \/ Yoast SEO plugin. -->","yoast_head_json":{"title":"IMCW 2200 - Offimex","robots":{"index":"index","follow":"follow","max-snippet":"max-snippet:-1","max-image-preview":"max-image-preview:large","max-video-preview":"max-video-preview:-1"},"canonical":"https:\/\/offimex.com\/nl\/produit\/imcw-2200\/","og_locale":"nl_NL","og_type":"article","og_title":"IMCW 2200 - Offimex","og_description":"Con\u00e7u pour les applications CAO\/SIG et d\u2019affichage, le IMCW 2200 de Ricoh propose une vitesse d\u2019impression et une qualit\u00e9 d'image optimales pour vous aider \u00e0 traiter un plus grand volume monochrome et \u00e0 augmenter votre productivit\u00e9 en impression couleur. De plus, l'encre imperm\u00e9able GELJetTM, des fonctions in\u00e9dites comme le panneau de commande intelligent et le syst\u00e8me de d\u00e9tection automatique d'obstruction des buses vous aideront \u00e0 optimiser votre efficacit\u00e9 et \u00e0 rester tr\u00e8s concurrentiel. C\u2019est donc la solution id\u00e9ale pour les applications de CAO couleur et d\u2019affichage, aussi bien pour l\u2019int\u00e9rieur que pour l\u2019ext\u00e9rieur.","og_url":"https:\/\/offimex.com\/nl\/produit\/imcw-2200\/","og_site_name":"Offimex","twitter_card":"summary_large_image","schema":{"@context":"https:\/\/schema.org","@graph":[{"@type":"WebPage","@id":"https:\/\/offimex.com\/nl\/produit\/imcw-2200\/","url":"https:\/\/offimex.com\/nl\/produit\/imcw-2200\/","name":"IMCW 2200 - Offimex","isPartOf":{"@id":"https:\/\/offimex.com\/nl\/#website"},"primaryImageOfPage":{"@id":"https:\/\/offimex.com\/nl\/produit\/imcw-2200\/#primaryimage"},"image":{"@id":"https:\/\/offimex.com\/nl\/produit\/imcw-2200\/#primaryimage"},"thumbnailUrl":"https:\/\/offimex.com\/wp-content\/uploads\/2024\/09\/MP-CW2201SP-504_tcm79-21053-1.jpg","datePublished":"2024-09-20T15:42:05+00:00","breadcrumb":{"@id":"https:\/\/offimex.com\/nl\/produit\/imcw-2200\/#breadcrumb"},"inLanguage":"nl-NL","potentialAction":[{"@type":"ReadAction","target":["https:\/\/offimex.com\/nl\/produit\/imcw-2200\/"]}]},{"@type":"ImageObject","inLanguage":"nl-NL","@id":"https:\/\/offimex.com\/nl\/produit\/imcw-2200\/#primaryimage","url":"https:\/\/offimex.com\/wp-content\/uploads\/2024\/09\/MP-CW2201SP-504_tcm79-21053-1.jpg","contentUrl":"https:\/\/offimex.com\/wp-content\/uploads\/2024\/09\/MP-CW2201SP-504_tcm79-21053-1.jpg","width":504,"height":504},{"@type":"BreadcrumbList","@id":"https:\/\/offimex.com\/nl\/produit\/imcw-2200\/#breadcrumb","itemListElement":[{"@type":"ListItem","position":1,"name":"Accueil","item":"https:\/\/offimex.com\/nl\/"},{"@type":"ListItem","position":2,"name":"Boutique","item":"https:\/\/offimex.com\/boutique\/"},{"@type":"ListItem","position":3,"name":"IMCW 2200"}]},{"@type":"WebSite","@id":"https:\/\/offimex.com\/nl\/#website","url":"https:\/\/offimex.com\/nl\/","name":"Offimex","description":"","publisher":{"@id":"https:\/\/offimex.com\/nl\/#organization"},"potentialAction":[{"@type":"SearchAction","target":{"@type":"EntryPoint","urlTemplate":"https:\/\/offimex.com\/nl\/?s={search_term_string}"},"query-input":{"@type":"PropertyValueSpecification","valueRequired":true,"valueName":"search_term_string"}}],"inLanguage":"nl-NL"},{"@type":"Organization","@id":"https:\/\/offimex.com\/nl\/#organization","name":"Offimex","url":"https:\/\/offimex.com\/nl\/","logo":{"@type":"ImageObject","inLanguage":"nl-NL","@id":"https:\/\/offimex.com\/nl\/#\/schema\/logo\/image\/","url":"https:\/\/offimex.com\/wp-content\/uploads\/2024\/05\/cropped-icon-logo-offimex-Saint-Gilles-1.png","contentUrl":"https:\/\/offimex.com\/wp-content\/uploads\/2024\/05\/cropped-icon-logo-offimex-Saint-Gilles-1.png","width":512,"height":512,"caption":"Offimex"},"image":{"@id":"https:\/\/offimex.com\/nl\/#\/schema\/logo\/image\/"}}]}},"_links":{"self":[{"href":"https:\/\/offimex.com\/nl\/wp-json\/wp\/v2\/product\/2353","targetHints":{"allow":["GET"]}}],"collection":[{"href":"https:\/\/offimex.com\/nl\/wp-json\/wp\/v2\/product"}],"about":[{"href":"https:\/\/offimex.com\/nl\/wp-json\/wp\/v2\/types\/product"}],"replies":[{"embeddable":true,"href":"https:\/\/offimex.com\/nl\/wp-json\/wp\/v2\/comments?post=2353"}],"wp:featuredmedia":[{"embeddable":true,"href":"https:\/\/offimex.com\/nl\/wp-json\/wp\/v2\/media\/2023"}],"wp:attachment":[{"href":"https:\/\/offimex.com\/nl\/wp-json\/wp\/v2\/media?parent=2353"}],"wp:term":[{"taxonomy":"product_brand","embeddable":true,"href":"https:\/\/offimex.com\/nl\/wp-json\/wp\/v2\/product_brand?post=2353"},{"taxonomy":"product_cat","embeddable":true,"href":"https:\/\/offimex.com\/nl\/wp-json\/wp\/v2\/product_cat?post=2353"},{"taxonomy":"product_tag","embeddable":true,"href":"https:\/\/offimex.com\/nl\/wp-json\/wp\/v2\/product_tag?post=2353"}],"curies":[{"name":"wp","href":"https:\/\/api.w.org\/{rel}","templated":true}]}}