{"id":2184,"date":"2024-05-27T15:20:52","date_gmt":"2024-05-27T15:20:52","guid":{"rendered":"https:\/\/offimex.com\/contactez-nous\/"},"modified":"2024-12-13T16:29:08","modified_gmt":"2024-12-13T16:29:08","slug":"contactez-nous","status":"publish","type":"page","link":"https:\/\/offimex.com\/nl\/contactez-nous\/","title":{"rendered":"Contactez-nous"},"content":{"rendered":"<p>[et_pb_section fb_built=&#8221;1&#8243; _builder_version=&#8221;4.24.0&#8243; _module_preset=&#8221;default&#8221; background_color=&#8221;#e8ebf3&#8243; locked=&#8221;off&#8221; global_colors_info=&#8221;{}&#8221;][et_pb_row _builder_version=&#8221;4.24.0&#8243; _module_preset=&#8221;default&#8221; global_colors_info=&#8221;{}&#8221;][et_pb_column type=&#8221;4_4&#8243; _builder_version=&#8221;4.24.0&#8243; _module_preset=&#8221;default&#8221; global_colors_info=&#8221;{}&#8221;][et_pb_text _builder_version=&#8221;4.25.2&#8243; _module_preset=&#8221;default&#8221; header_font=&#8221;Poppins|600|||||||&#8221; header_text_align=&#8221;center&#8221; header_font_size=&#8221;36px&#8221; custom_margin=&#8221;||10px||false|false&#8221; hover_enabled=&#8221;0&#8243; global_colors_info=&#8221;{}&#8221; sticky_enabled=&#8221;0&#8243;]<\/p>\n<h1 class=\"title\">Neem contact met ons op voor uw IT-apparatuur<\/h1>\n<p>[\/et_pb_text][et_pb_text _builder_version=&#8221;4.25.2&#8243; _module_preset=&#8221;default&#8221; text_font=&#8221;Poppins||||||||&#8221; text_orientation=&#8221;center&#8221; hover_enabled=&#8221;0&#8243; global_colors_info=&#8221;{}&#8221; sticky_enabled=&#8221;0&#8243;]Home > Neem contact met ons op voor uw IT-apparatuur<br \/>\n[\/et_pb_text][\/et_pb_column][\/et_pb_row][\/et_pb_section][et_pb_section fb_built=&#8221;1&#8243; make_equal=&#8221;on&#8221; specialty=&#8221;on&#8221; _builder_version=&#8221;4.24.0&#8243; _module_preset=&#8221;default&#8221; global_colors_info=&#8221;{}&#8221;][et_pb_column type=&#8221;1_4&#8243; _builder_version=&#8221;4.16&#8243; custom_padding=&#8221;|||&#8221; global_colors_info=&#8221;{}&#8221; custom_padding__hover=&#8221;|||&#8221;][et_pb_icon font_icon=&#8221;&#xf095;||fa||900&#8243; icon_color=&#8221;#ffffff&#8221; icon_width=&#8221;30px&#8221; _builder_version=&#8221;4.24.0&#8243; _module_preset=&#8221;default&#8221; background_color=&#8221;#223e8b&#8221; custom_margin=&#8221;100px||10px||false|false&#8221; custom_padding=&#8221;10px|10px|10px|10px|false|false&#8221; border_radii=&#8221;on|100px|100px|100px|100px&#8221; global_colors_info=&#8221;{}&#8221;][\/et_pb_icon][et_pb_text _builder_version=&#8221;4.24.0&#8243; _module_preset=&#8221;default&#8221; text_font=&#8221;Poppins|600|||||||&#8221; text_font_size=&#8221;18px&#8221; text_line_height=&#8221;1.2em&#8221; text_orientation=&#8221;center&#8221; custom_margin=&#8221;||10px||false|false&#8221; global_colors_info=&#8221;{}&#8221;]<\/p>\n<p><span style=\"color: #000000;\"><a href=\"tel:02\/880.86.70\" style=\"color: #000000;\">02\/880.86.70<\/a><\/span><\/p>\n<p>[\/et_pb_text][et_pb_icon font_icon=&#8221;&#xf015;||fa||900&#8243; icon_color=&#8221;#ffffff&#8221; icon_width=&#8221;30px&#8221; _builder_version=&#8221;4.24.0&#8243; _module_preset=&#8221;default&#8221; background_color=&#8221;#223e8b&#8221; custom_margin=&#8221;100px||10px||false|false&#8221; custom_padding=&#8221;10px|10px|10px|10px|false|false&#8221; border_radii=&#8221;on|200px|200px|200px|200px&#8221; global_colors_info=&#8221;{}&#8221;][\/et_pb_icon][et_pb_text _builder_version=&#8221;4.25.2&#8243; _module_preset=&#8221;default&#8221; text_font=&#8221;Poppins|600|||||||&#8221; text_text_color=&#8221;#000000&#8243; text_line_height=&#8221;1.5em&#8221; text_orientation=&#8221;center&#8221; custom_margin=&#8221;||10px||false|false&#8221; hover_enabled=&#8221;0&#8243; global_colors_info=&#8221;{}&#8221; sticky_enabled=&#8221;0&#8243;]<strong>Chauss\u00e9e de Charleroi, 223 &#8211; 1060 Brussel<\/strong><br \/>\n[\/et_pb_text][\/et_pb_column][et_pb_column type=&#8221;3_4&#8243; specialty_columns=&#8221;3&#8243; _builder_version=&#8221;4.16&#8243; custom_padding=&#8221;|||&#8221; global_colors_info=&#8221;{}&#8221; custom_padding__hover=&#8221;|||&#8221;][et_pb_row_inner _builder_version=&#8221;4.24.0&#8243; _module_preset=&#8221;default&#8221; global_colors_info=&#8221;{}&#8221;][et_pb_column_inner saved_specialty_column_type=&#8221;3_4&#8243; _builder_version=&#8221;4.24.0&#8243; _module_preset=&#8221;default&#8221; global_colors_info=&#8221;{}&#8221;][et_pb_text module_class=&#8221;sub-title&#8221; _builder_version=&#8221;4.24.0&#8243; _module_preset=&#8221;default&#8221; header_2_font=&#8221;Poppins|600|||||||&#8221; header_2_text_align=&#8221;left&#8221; header_2_text_color=&#8221;#223e8b&#8221; header_2_font_size=&#8221;16px&#8221; header_2_line_height=&#8221;1.4em&#8221; custom_margin=&#8221;||20px||false|false&#8221; locked=&#8221;off&#8221; global_colors_info=&#8221;{}&#8221;]<\/p>\n<h2>OFFIMEX<\/h2>\n<p>[\/et_pb_text][et_pb_text _builder_version=&#8221;4.24.0&#8243; _module_preset=&#8221;default&#8221; header_2_font=&#8221;Poppins|600|||||||&#8221; header_2_text_color=&#8221;#223e8b&#8221; header_2_font_size=&#8221;30px&#8221; header_2_line_height=&#8221;1.4em&#8221; custom_margin=&#8221;||10px||false|false&#8221; global_colors_info=&#8221;{}&#8221;]<\/p>\n<h2><strong>Contact<\/strong><\/h2>\n<p>[\/et_pb_text][et_pb_text _builder_version=&#8221;4.25.2&#8243; _module_preset=&#8221;default&#8221; text_font=&#8221;Open Sans||||||||&#8221; text_text_color=&#8221;#03060d&#8221; text_font_size=&#8221;15px&#8221; text_line_height=&#8221;1.8em&#8221; hover_enabled=&#8221;0&#8243; global_colors_info=&#8221;{}&#8221; sticky_enabled=&#8221;0&#8243;]Wilt u uw bedrijf uitrusten met een <a style=\"color: #223e8b;\" href=\"\/nl\/nos-produits\/\" target=\"_blank\" rel=\"noopener\"><strong>hoogrendement copier<\/strong><\/a> van het merk Ricoh? Wilt u investeren in een digitaal whiteboard om de kwaliteit van de diensten van uw bedrijf te verbeteren?<\/p>\n<p>Om uw bedrijf uit te rusten, investeer in een digitale copier, een slimme printer van de nieuwste generatie, een <a style=\"color: #223e8b;\" href=\"\/nl\/nos-produits\/\" target=\"_blank\" rel=\"noopener\"><strong>digitaal whiteboard<\/strong><\/a>, een projector of de software van uw keuze voor een snelle digitale transformatie!<\/p>\n<p>Wij bieden op maat gemaakte diensten met lease-, huur- of all-in contracten.<br \/>\n[\/et_pb_text][\/et_pb_column_inner][\/et_pb_row_inner][et_pb_row_inner column_structure=&#8221;1_2,1_2&#8243; use_custom_gutter=&#8221;on&#8221; gutter_width=&#8221;2&#8243; _builder_version=&#8221;4.24.0&#8243; _module_preset=&#8221;default&#8221; background_color=&#8221;#e8ebf3&#8243; custom_padding=&#8221;40px|15px|40px|15px|false|false&#8221; global_colors_info=&#8221;{}&#8221;][et_pb_column_inner type=&#8221;1_2&#8243; saved_specialty_column_type=&#8221;3_4&#8243; _builder_version=&#8221;4.24.0&#8243; _module_preset=&#8221;default&#8221; custom_css_main_element=&#8221;width:25% !important;&#8221; global_colors_info=&#8221;{}&#8221;][et_pb_image src=&#8221;https:\/\/offimex.com\/wp-content\/uploads\/2024\/05\/support_laptop.png&#8221; title_text=&#8221;support_laptop&#8221; _builder_version=&#8221;4.24.0&#8243; _module_preset=&#8221;default&#8221; global_colors_info=&#8221;{}&#8221;][\/et_pb_image][\/et_pb_column_inner][et_pb_column_inner type=&#8221;1_2&#8243; saved_specialty_column_type=&#8221;3_4&#8243; _builder_version=&#8221;4.24.0&#8243; _module_preset=&#8221;default&#8221; custom_padding=&#8221;|||10px|false|false&#8221; custom_padding_tablet=&#8221;|||20px|false|false&#8221; custom_padding_phone=&#8221;|||20px|false|false&#8221; custom_padding_last_edited=&#8221;on|phone&#8221; custom_css_main_element=&#8221;width:70% !important;&#8221; global_colors_info=&#8221;{}&#8221;][et_pb_text _builder_version=&#8221;4.25.2&#8243; _module_preset=&#8221;default&#8221; header_3_font=&#8221;Poppins|600|||||||&#8221; header_3_text_color=&#8221;#223e8b&#8221; header_3_font_size=&#8221;20px&#8221; header_3_line_height=&#8221;1.4em&#8221; custom_margin=&#8221;||10px||false|false&#8221; hover_enabled=&#8221;0&#8243; global_colors_info=&#8221;{}&#8221; sticky_enabled=&#8221;0&#8243;]<\/p>\n<h3>We offer remote technical support.<\/h3>\n<p>[\/et_pb_text][et_pb_text _builder_version=&#8221;4.25.2&#8243; _module_preset=&#8221;default&#8221; text_font=&#8221;Open Sans||||||||&#8221; text_text_color=&#8221;#03060d&#8221; text_font_size=&#8221;15px&#8221; text_line_height=&#8221;1.6em&#8221; hover_enabled=&#8221;0&#8243; global_colors_info=&#8221;{}&#8221; sticky_enabled=&#8221;0&#8243;]Met Team Viewer nemen we de controle over uw installatie en lossen we problemen snel op.[\/et_pb_text][et_pb_button button_url=&#8221;https:\/\/get.teamviewer.com\/offimex&#8221; url_new_window=&#8221;on&#8221; button_text=&#8221;Start Team Viewer&#8221; button_alignment=&#8221;left&#8221; _builder_version=&#8221;4.25.2&#8243; _module_preset=&#8221;default&#8221; custom_button=&#8221;on&#8221; button_text_size=&#8221;14px&#8221; button_text_color=&#8221;#e8ebf3&#8243; button_bg_color=&#8221;#223e8b&#8221; button_border_radius=&#8221;50px&#8221; button_letter_spacing=&#8221;1px&#8221; button_font=&#8221;Poppins|600|||||||&#8221; button_icon=&#8221;&#x35;||divi||400&#8243; custom_padding=&#8221;10px||10px||false|false&#8221; hover_enabled=&#8221;0&#8243; button_text_size_tablet=&#8221;14px&#8221; button_text_size_phone=&#8221;12px&#8221; button_text_size_last_edited=&#8221;on|phone&#8221; global_colors_info=&#8221;{}&#8221; sticky_enabled=&#8221;0&#8243;][\/et_pb_button][\/et_pb_column_inner][\/et_pb_row_inner][\/et_pb_column][\/et_pb_section][et_pb_section fb_built=&#8221;1&#8243; _builder_version=&#8221;4.24.0&#8243; _module_preset=&#8221;default&#8221; background_color=&#8221;#e8ebf3&#8243; global_colors_info=&#8221;{}&#8221;][et_pb_row _builder_version=&#8221;4.24.0&#8243; _module_preset=&#8221;default&#8221; global_colors_info=&#8221;{}&#8221;][et_pb_column type=&#8221;4_4&#8243; _builder_version=&#8221;4.24.0&#8243; _module_preset=&#8221;default&#8221; global_colors_info=&#8221;{}&#8221;][et_pb_code _builder_version=&#8221;4.24.0&#8243; _module_preset=&#8221;default&#8221; global_colors_info=&#8221;{}&#8221;][\/et_pb_code][\/et_pb_column][\/et_pb_row][\/et_pb_section][et_pb_section fb_built=&#8221;1&#8243; fullwidth=&#8221;on&#8221; _builder_version=&#8221;4.24.0&#8243; _module_preset=&#8221;default&#8221; global_colors_info=&#8221;{}&#8221;][et_pb_fullwidth_code _builder_version=&#8221;4.24.0&#8243; _module_preset=&#8221;default&#8221; global_colors_info=&#8221;{}&#8221;]<iframe loading=\"lazy\" style=\"border: 0;\" tabindex=\"0\" src=\"https:\/\/www.google.com\/maps\/embed?pb=!1m18!1m12!1m3!1d2520.3194875625536!2d4.35211801517075!3d50.82524586816968!2m3!1f0!2f0!3f0!3m2!1i1024!2i768!4f13.1!3m3!1m2!1s0x47c3c45f8e2a2863%3A0xe2efaa5530bd2465!2sChauss%C3%A9e%20de%20Charleroi%20223%2C%201060%20Saint-Gilles%2C%20Belgium!5e0!3m2!1sen!2sma!4v1596003333849!5m2!1sen!2sma\" width=\"100%\" height=\"350\" frameborder=\"0\" allowfullscreen=\"allowfullscreen\" aria-hidden=\"false\"><\/iframe>[\/et_pb_fullwidth_code][\/et_pb_section]<\/p>\n","protected":false},"excerpt":{"rendered":"<p>Neem contact met ons op voor uw IT-apparatuur Home > Neem contact met ons op voor uw IT-apparatuur 02\/880.86.70Chauss\u00e9e de Charleroi, 223 &#8211; 1060 Brussel OFFIMEXContactWilt u uw bedrijf uitrusten met een hoogrendement copier van het merk Ricoh? Wilt u investeren in een digitaal whiteboard om de kwaliteit van de diensten van uw bedrijf te [&hellip;]<\/p>\n","protected":false},"author":1,"featured_media":0,"parent":0,"menu_order":0,"comment_status":"closed","ping_status":"closed","template":"","meta":{"_acf_changed":false,"_et_pb_use_builder":"on","_et_pb_old_content":"<!-- wp:divi\/placeholder \/-->","_et_gb_content_width":"","footnotes":""},"class_list":["post-2184","page","type-page","status-publish","hentry"],"acf":[],"yoast_head":"<!-- This site is optimized with the Yoast SEO plugin v25.7 - https:\/\/yoast.com\/wordpress\/plugins\/seo\/ -->\n<title>Contactez OFFIMEX | Support &amp; Informations<\/title>\n<meta name=\"description\" content=\"Besoin d&#039;aide ou d&#039;informations ? Contactez OFFIMEX pour un support rapide et efficace. Nous sommes l\u00e0 pour r\u00e9pondre \u00e0 vos questions et vos besoins.\" \/>\n<meta name=\"robots\" content=\"index, follow, max-snippet:-1, max-image-preview:large, max-video-preview:-1\" \/>\n<link rel=\"canonical\" href=\"https:\/\/offimex.com\/nl\/contactez-nous\/\" \/>\n<meta property=\"og:locale\" content=\"nl_NL\" \/>\n<meta property=\"og:type\" content=\"article\" \/>\n<meta property=\"og:title\" content=\"Contactez OFFIMEX | Support &amp; Informations\" \/>\n<meta property=\"og:description\" content=\"Besoin d&#039;aide ou d&#039;informations ? Contactez OFFIMEX pour un support rapide et efficace. Nous sommes l\u00e0 pour r\u00e9pondre \u00e0 vos questions et vos besoins.\" \/>\n<meta property=\"og:url\" content=\"https:\/\/offimex.com\/nl\/contactez-nous\/\" \/>\n<meta property=\"og:site_name\" content=\"Offimex\" \/>\n<meta property=\"article:modified_time\" content=\"2024-12-13T16:29:08+00:00\" \/>\n<meta name=\"twitter:card\" content=\"summary_large_image\" \/>\n<meta name=\"twitter:label1\" content=\"Geschatte leestijd\" \/>\n\t<meta name=\"twitter:data1\" content=\"5 minuten\" \/>\n<script type=\"application\/ld+json\" class=\"yoast-schema-graph\">{\"@context\":\"https:\/\/schema.org\",\"@graph\":[{\"@type\":\"WebPage\",\"@id\":\"https:\/\/offimex.com\/nl\/contactez-nous\/\",\"url\":\"https:\/\/offimex.com\/nl\/contactez-nous\/\",\"name\":\"Contactez OFFIMEX | Support & Informations\",\"isPartOf\":{\"@id\":\"https:\/\/offimex.com\/nl\/#website\"},\"datePublished\":\"2024-05-27T15:20:52+00:00\",\"dateModified\":\"2024-12-13T16:29:08+00:00\",\"description\":\"Besoin d'aide ou d'informations ? Contactez OFFIMEX pour un support rapide et efficace. Nous sommes l\u00e0 pour r\u00e9pondre \u00e0 vos questions et vos besoins.\",\"breadcrumb\":{\"@id\":\"https:\/\/offimex.com\/nl\/contactez-nous\/#breadcrumb\"},\"inLanguage\":\"nl-NL\",\"potentialAction\":[{\"@type\":\"ReadAction\",\"target\":[\"https:\/\/offimex.com\/nl\/contactez-nous\/\"]}]},{\"@type\":\"BreadcrumbList\",\"@id\":\"https:\/\/offimex.com\/nl\/contactez-nous\/#breadcrumb\",\"itemListElement\":[{\"@type\":\"ListItem\",\"position\":1,\"name\":\"Accueil\",\"item\":\"https:\/\/offimex.com\/nl\/\"},{\"@type\":\"ListItem\",\"position\":2,\"name\":\"Contactez-nous\"}]},{\"@type\":\"WebSite\",\"@id\":\"https:\/\/offimex.com\/nl\/#website\",\"url\":\"https:\/\/offimex.com\/nl\/\",\"name\":\"Offimex\",\"description\":\"\",\"publisher\":{\"@id\":\"https:\/\/offimex.com\/nl\/#organization\"},\"potentialAction\":[{\"@type\":\"SearchAction\",\"target\":{\"@type\":\"EntryPoint\",\"urlTemplate\":\"https:\/\/offimex.com\/nl\/?s={search_term_string}\"},\"query-input\":{\"@type\":\"PropertyValueSpecification\",\"valueRequired\":true,\"valueName\":\"search_term_string\"}}],\"inLanguage\":\"nl-NL\"},{\"@type\":\"Organization\",\"@id\":\"https:\/\/offimex.com\/nl\/#organization\",\"name\":\"Offimex\",\"url\":\"https:\/\/offimex.com\/nl\/\",\"logo\":{\"@type\":\"ImageObject\",\"inLanguage\":\"nl-NL\",\"@id\":\"https:\/\/offimex.com\/nl\/#\/schema\/logo\/image\/\",\"url\":\"https:\/\/offimex.com\/wp-content\/uploads\/2024\/05\/cropped-icon-logo-offimex-Saint-Gilles-1.png\",\"contentUrl\":\"https:\/\/offimex.com\/wp-content\/uploads\/2024\/05\/cropped-icon-logo-offimex-Saint-Gilles-1.png\",\"width\":512,\"height\":512,\"caption\":\"Offimex\"},\"image\":{\"@id\":\"https:\/\/offimex.com\/nl\/#\/schema\/logo\/image\/\"}}]}<\/script>\n<!-- \/ Yoast SEO plugin. -->","yoast_head_json":{"title":"Contactez OFFIMEX | Support & Informations","description":"Besoin d'aide ou d'informations ? Contactez OFFIMEX pour un support rapide et efficace. Nous sommes l\u00e0 pour r\u00e9pondre \u00e0 vos questions et vos besoins.","robots":{"index":"index","follow":"follow","max-snippet":"max-snippet:-1","max-image-preview":"max-image-preview:large","max-video-preview":"max-video-preview:-1"},"canonical":"https:\/\/offimex.com\/nl\/contactez-nous\/","og_locale":"nl_NL","og_type":"article","og_title":"Contactez OFFIMEX | Support & Informations","og_description":"Besoin d'aide ou d'informations ? Contactez OFFIMEX pour un support rapide et efficace. Nous sommes l\u00e0 pour r\u00e9pondre \u00e0 vos questions et vos besoins.","og_url":"https:\/\/offimex.com\/nl\/contactez-nous\/","og_site_name":"Offimex","article_modified_time":"2024-12-13T16:29:08+00:00","twitter_card":"summary_large_image","twitter_misc":{"Geschatte leestijd":"5 minuten"},"schema":{"@context":"https:\/\/schema.org","@graph":[{"@type":"WebPage","@id":"https:\/\/offimex.com\/nl\/contactez-nous\/","url":"https:\/\/offimex.com\/nl\/contactez-nous\/","name":"Contactez OFFIMEX | Support & Informations","isPartOf":{"@id":"https:\/\/offimex.com\/nl\/#website"},"datePublished":"2024-05-27T15:20:52+00:00","dateModified":"2024-12-13T16:29:08+00:00","description":"Besoin d'aide ou d'informations ? Contactez OFFIMEX pour un support rapide et efficace. Nous sommes l\u00e0 pour r\u00e9pondre \u00e0 vos questions et vos besoins.","breadcrumb":{"@id":"https:\/\/offimex.com\/nl\/contactez-nous\/#breadcrumb"},"inLanguage":"nl-NL","potentialAction":[{"@type":"ReadAction","target":["https:\/\/offimex.com\/nl\/contactez-nous\/"]}]},{"@type":"BreadcrumbList","@id":"https:\/\/offimex.com\/nl\/contactez-nous\/#breadcrumb","itemListElement":[{"@type":"ListItem","position":1,"name":"Accueil","item":"https:\/\/offimex.com\/nl\/"},{"@type":"ListItem","position":2,"name":"Contactez-nous"}]},{"@type":"WebSite","@id":"https:\/\/offimex.com\/nl\/#website","url":"https:\/\/offimex.com\/nl\/","name":"Offimex","description":"","publisher":{"@id":"https:\/\/offimex.com\/nl\/#organization"},"potentialAction":[{"@type":"SearchAction","target":{"@type":"EntryPoint","urlTemplate":"https:\/\/offimex.com\/nl\/?s={search_term_string}"},"query-input":{"@type":"PropertyValueSpecification","valueRequired":true,"valueName":"search_term_string"}}],"inLanguage":"nl-NL"},{"@type":"Organization","@id":"https:\/\/offimex.com\/nl\/#organization","name":"Offimex","url":"https:\/\/offimex.com\/nl\/","logo":{"@type":"ImageObject","inLanguage":"nl-NL","@id":"https:\/\/offimex.com\/nl\/#\/schema\/logo\/image\/","url":"https:\/\/offimex.com\/wp-content\/uploads\/2024\/05\/cropped-icon-logo-offimex-Saint-Gilles-1.png","contentUrl":"https:\/\/offimex.com\/wp-content\/uploads\/2024\/05\/cropped-icon-logo-offimex-Saint-Gilles-1.png","width":512,"height":512,"caption":"Offimex"},"image":{"@id":"https:\/\/offimex.com\/nl\/#\/schema\/logo\/image\/"}}]}},"_links":{"self":[{"href":"https:\/\/offimex.com\/nl\/wp-json\/wp\/v2\/pages\/2184","targetHints":{"allow":["GET"]}}],"collection":[{"href":"https:\/\/offimex.com\/nl\/wp-json\/wp\/v2\/pages"}],"about":[{"href":"https:\/\/offimex.com\/nl\/wp-json\/wp\/v2\/types\/page"}],"author":[{"embeddable":true,"href":"https:\/\/offimex.com\/nl\/wp-json\/wp\/v2\/users\/1"}],"replies":[{"embeddable":true,"href":"https:\/\/offimex.com\/nl\/wp-json\/wp\/v2\/comments?post=2184"}],"version-history":[{"count":2,"href":"https:\/\/offimex.com\/nl\/wp-json\/wp\/v2\/pages\/2184\/revisions"}],"predecessor-version":[{"id":2207,"href":"https:\/\/offimex.com\/nl\/wp-json\/wp\/v2\/pages\/2184\/revisions\/2207"}],"wp:attachment":[{"href":"https:\/\/offimex.com\/nl\/wp-json\/wp\/v2\/media?parent=2184"}],"curies":[{"name":"wp","href":"https:\/\/api.w.org\/{rel}","templated":true}]}}