{"id":2392,"date":"2024-09-20T15:42:03","date_gmt":"2024-09-20T15:42:03","guid":{"rendered":"https:\/\/offimex.com\/produit\/im-c300\/"},"modified":"2024-09-20T15:42:03","modified_gmt":"2024-09-20T15:42:03","slug":"im-c300","status":"publish","type":"product","link":"https:\/\/offimex.com\/en\/produit\/im-c300\/","title":{"rendered":"IM C300"},"content":{"rendered":"","protected":false},"excerpt":{"rendered":"<p>Ce multifonction intelligent r\u00e9pond \u00e0 tous vos besoins de num\u00e9risation, copie et impression de vos documents au format A4. Il est dot\u00e9 d&#8217;un panneau de commande tactile intelligent 10,1 pouces et propose des mises \u00e0 jour lui permettant d&#8217;\u00e9voluer en m\u00eame temps que vos besoins.<\/p>\n<p>Vous pouvez aussi t\u00e9l\u00e9charger des applications \u00abRICOH Smart Integration (RSI)\u00bb pour automatiser vos t\u00e2ches quotidiennes comme, par exemple, envoyer un scan vers votre service Cloud<\/p>\n","protected":false},"featured_media":2028,"comment_status":"closed","ping_status":"closed","template":"","meta":{"_acf_changed":false,"_et_pb_use_builder":"","_et_pb_old_content":"","_et_gb_content_width":""},"product_brand":[],"product_cat":[52,53],"product_tag":[],"class_list":{"0":"post-2392","1":"product","2":"type-product","3":"status-publish","4":"has-post-thumbnail","6":"product_cat-couleurs-en","7":"product_cat-multifonctions-ricoh-en","9":"first","10":"instock","11":"product-type-simple"},"acf":[],"yoast_head":"<!-- This site is optimized with the Yoast SEO plugin v27.4 - https:\/\/yoast.com\/product\/yoast-seo-wordpress\/ -->\n<title>IM C300 - Offimex<\/title>\n<meta name=\"robots\" content=\"index, follow, max-snippet:-1, max-image-preview:large, max-video-preview:-1\" \/>\n<link rel=\"canonical\" href=\"https:\/\/offimex.com\/en\/produit\/im-c300\/\" \/>\n<meta property=\"og:locale\" content=\"en_US\" \/>\n<meta property=\"og:type\" content=\"article\" \/>\n<meta property=\"og:title\" content=\"IM C300 - Offimex\" \/>\n<meta property=\"og:description\" content=\"Ce multifonction intelligent r\u00e9pond \u00e0 tous vos besoins de num\u00e9risation, copie et impression de vos documents au format A4. Il est dot\u00e9 d&#039;un panneau de commande tactile intelligent 10,1 pouces et propose des mises \u00e0 jour lui permettant d&#039;\u00e9voluer en m\u00eame temps que vos besoins.  Vous pouvez aussi t\u00e9l\u00e9charger des applications \u00abRICOH Smart Integration (RSI)\u00bb pour automatiser vos t\u00e2ches quotidiennes comme, par exemple, envoyer un scan vers votre service Cloud\" \/>\n<meta property=\"og:url\" content=\"https:\/\/offimex.com\/en\/produit\/im-c300\/\" \/>\n<meta property=\"og:site_name\" content=\"Offimex\" \/>\n<meta name=\"twitter:card\" content=\"summary_large_image\" \/>\n<script type=\"application\/ld+json\" class=\"yoast-schema-graph\">{\"@context\":\"https:\\\/\\\/schema.org\",\"@graph\":[{\"@type\":\"WebPage\",\"@id\":\"https:\\\/\\\/offimex.com\\\/en\\\/produit\\\/im-c300\\\/\",\"url\":\"https:\\\/\\\/offimex.com\\\/en\\\/produit\\\/im-c300\\\/\",\"name\":\"IM C300 - Offimex\",\"isPartOf\":{\"@id\":\"https:\\\/\\\/offimex.com\\\/en\\\/#website\"},\"primaryImageOfPage\":{\"@id\":\"https:\\\/\\\/offimex.com\\\/en\\\/produit\\\/im-c300\\\/#primaryimage\"},\"image\":{\"@id\":\"https:\\\/\\\/offimex.com\\\/en\\\/produit\\\/im-c300\\\/#primaryimage\"},\"thumbnailUrl\":\"https:\\\/\\\/offimex.com\\\/wp-content\\\/uploads\\\/2024\\\/09\\\/Ricoh_IM_C300_Standard_Straight_504_seal_tcm79-37545-1.jpg\",\"datePublished\":\"2024-09-20T15:42:03+00:00\",\"breadcrumb\":{\"@id\":\"https:\\\/\\\/offimex.com\\\/en\\\/produit\\\/im-c300\\\/#breadcrumb\"},\"inLanguage\":\"en-US\",\"potentialAction\":[{\"@type\":\"ReadAction\",\"target\":[\"https:\\\/\\\/offimex.com\\\/en\\\/produit\\\/im-c300\\\/\"]}]},{\"@type\":\"ImageObject\",\"inLanguage\":\"en-US\",\"@id\":\"https:\\\/\\\/offimex.com\\\/en\\\/produit\\\/im-c300\\\/#primaryimage\",\"url\":\"https:\\\/\\\/offimex.com\\\/wp-content\\\/uploads\\\/2024\\\/09\\\/Ricoh_IM_C300_Standard_Straight_504_seal_tcm79-37545-1.jpg\",\"contentUrl\":\"https:\\\/\\\/offimex.com\\\/wp-content\\\/uploads\\\/2024\\\/09\\\/Ricoh_IM_C300_Standard_Straight_504_seal_tcm79-37545-1.jpg\",\"width\":504,\"height\":504},{\"@type\":\"BreadcrumbList\",\"@id\":\"https:\\\/\\\/offimex.com\\\/en\\\/produit\\\/im-c300\\\/#breadcrumb\",\"itemListElement\":[{\"@type\":\"ListItem\",\"position\":1,\"name\":\"Accueil\",\"item\":\"https:\\\/\\\/offimex.com\\\/en\\\/\"},{\"@type\":\"ListItem\",\"position\":2,\"name\":\"Boutique\",\"item\":\"https:\\\/\\\/offimex.com\\\/boutique\\\/\"},{\"@type\":\"ListItem\",\"position\":3,\"name\":\"IM C300\"}]},{\"@type\":\"WebSite\",\"@id\":\"https:\\\/\\\/offimex.com\\\/en\\\/#website\",\"url\":\"https:\\\/\\\/offimex.com\\\/en\\\/\",\"name\":\"Offimex\",\"description\":\"\",\"publisher\":{\"@id\":\"https:\\\/\\\/offimex.com\\\/en\\\/#organization\"},\"potentialAction\":[{\"@type\":\"SearchAction\",\"target\":{\"@type\":\"EntryPoint\",\"urlTemplate\":\"https:\\\/\\\/offimex.com\\\/en\\\/?s={search_term_string}\"},\"query-input\":{\"@type\":\"PropertyValueSpecification\",\"valueRequired\":true,\"valueName\":\"search_term_string\"}}],\"inLanguage\":\"en-US\"},{\"@type\":\"Organization\",\"@id\":\"https:\\\/\\\/offimex.com\\\/en\\\/#organization\",\"name\":\"Offimex\",\"url\":\"https:\\\/\\\/offimex.com\\\/en\\\/\",\"logo\":{\"@type\":\"ImageObject\",\"inLanguage\":\"en-US\",\"@id\":\"https:\\\/\\\/offimex.com\\\/en\\\/#\\\/schema\\\/logo\\\/image\\\/\",\"url\":\"https:\\\/\\\/offimex.com\\\/wp-content\\\/uploads\\\/2024\\\/05\\\/cropped-icon-logo-offimex-Saint-Gilles-1.png\",\"contentUrl\":\"https:\\\/\\\/offimex.com\\\/wp-content\\\/uploads\\\/2024\\\/05\\\/cropped-icon-logo-offimex-Saint-Gilles-1.png\",\"width\":512,\"height\":512,\"caption\":\"Offimex\"},\"image\":{\"@id\":\"https:\\\/\\\/offimex.com\\\/en\\\/#\\\/schema\\\/logo\\\/image\\\/\"}}]}<\/script>\n<!-- \/ Yoast SEO plugin. -->","yoast_head_json":{"title":"IM C300 - Offimex","robots":{"index":"index","follow":"follow","max-snippet":"max-snippet:-1","max-image-preview":"max-image-preview:large","max-video-preview":"max-video-preview:-1"},"canonical":"https:\/\/offimex.com\/en\/produit\/im-c300\/","og_locale":"en_US","og_type":"article","og_title":"IM C300 - Offimex","og_description":"Ce multifonction intelligent r\u00e9pond \u00e0 tous vos besoins de num\u00e9risation, copie et impression de vos documents au format A4. Il est dot\u00e9 d'un panneau de commande tactile intelligent 10,1 pouces et propose des mises \u00e0 jour lui permettant d'\u00e9voluer en m\u00eame temps que vos besoins.  Vous pouvez aussi t\u00e9l\u00e9charger des applications \u00abRICOH Smart Integration (RSI)\u00bb pour automatiser vos t\u00e2ches quotidiennes comme, par exemple, envoyer un scan vers votre service Cloud","og_url":"https:\/\/offimex.com\/en\/produit\/im-c300\/","og_site_name":"Offimex","twitter_card":"summary_large_image","schema":{"@context":"https:\/\/schema.org","@graph":[{"@type":"WebPage","@id":"https:\/\/offimex.com\/en\/produit\/im-c300\/","url":"https:\/\/offimex.com\/en\/produit\/im-c300\/","name":"IM C300 - Offimex","isPartOf":{"@id":"https:\/\/offimex.com\/en\/#website"},"primaryImageOfPage":{"@id":"https:\/\/offimex.com\/en\/produit\/im-c300\/#primaryimage"},"image":{"@id":"https:\/\/offimex.com\/en\/produit\/im-c300\/#primaryimage"},"thumbnailUrl":"https:\/\/offimex.com\/wp-content\/uploads\/2024\/09\/Ricoh_IM_C300_Standard_Straight_504_seal_tcm79-37545-1.jpg","datePublished":"2024-09-20T15:42:03+00:00","breadcrumb":{"@id":"https:\/\/offimex.com\/en\/produit\/im-c300\/#breadcrumb"},"inLanguage":"en-US","potentialAction":[{"@type":"ReadAction","target":["https:\/\/offimex.com\/en\/produit\/im-c300\/"]}]},{"@type":"ImageObject","inLanguage":"en-US","@id":"https:\/\/offimex.com\/en\/produit\/im-c300\/#primaryimage","url":"https:\/\/offimex.com\/wp-content\/uploads\/2024\/09\/Ricoh_IM_C300_Standard_Straight_504_seal_tcm79-37545-1.jpg","contentUrl":"https:\/\/offimex.com\/wp-content\/uploads\/2024\/09\/Ricoh_IM_C300_Standard_Straight_504_seal_tcm79-37545-1.jpg","width":504,"height":504},{"@type":"BreadcrumbList","@id":"https:\/\/offimex.com\/en\/produit\/im-c300\/#breadcrumb","itemListElement":[{"@type":"ListItem","position":1,"name":"Accueil","item":"https:\/\/offimex.com\/en\/"},{"@type":"ListItem","position":2,"name":"Boutique","item":"https:\/\/offimex.com\/boutique\/"},{"@type":"ListItem","position":3,"name":"IM C300"}]},{"@type":"WebSite","@id":"https:\/\/offimex.com\/en\/#website","url":"https:\/\/offimex.com\/en\/","name":"Offimex","description":"","publisher":{"@id":"https:\/\/offimex.com\/en\/#organization"},"potentialAction":[{"@type":"SearchAction","target":{"@type":"EntryPoint","urlTemplate":"https:\/\/offimex.com\/en\/?s={search_term_string}"},"query-input":{"@type":"PropertyValueSpecification","valueRequired":true,"valueName":"search_term_string"}}],"inLanguage":"en-US"},{"@type":"Organization","@id":"https:\/\/offimex.com\/en\/#organization","name":"Offimex","url":"https:\/\/offimex.com\/en\/","logo":{"@type":"ImageObject","inLanguage":"en-US","@id":"https:\/\/offimex.com\/en\/#\/schema\/logo\/image\/","url":"https:\/\/offimex.com\/wp-content\/uploads\/2024\/05\/cropped-icon-logo-offimex-Saint-Gilles-1.png","contentUrl":"https:\/\/offimex.com\/wp-content\/uploads\/2024\/05\/cropped-icon-logo-offimex-Saint-Gilles-1.png","width":512,"height":512,"caption":"Offimex"},"image":{"@id":"https:\/\/offimex.com\/en\/#\/schema\/logo\/image\/"}}]}},"_links":{"self":[{"href":"https:\/\/offimex.com\/en\/wp-json\/wp\/v2\/product\/2392","targetHints":{"allow":["GET"]}}],"collection":[{"href":"https:\/\/offimex.com\/en\/wp-json\/wp\/v2\/product"}],"about":[{"href":"https:\/\/offimex.com\/en\/wp-json\/wp\/v2\/types\/product"}],"replies":[{"embeddable":true,"href":"https:\/\/offimex.com\/en\/wp-json\/wp\/v2\/comments?post=2392"}],"wp:featuredmedia":[{"embeddable":true,"href":"https:\/\/offimex.com\/en\/wp-json\/wp\/v2\/media\/2028"}],"wp:attachment":[{"href":"https:\/\/offimex.com\/en\/wp-json\/wp\/v2\/media?parent=2392"}],"wp:term":[{"taxonomy":"product_brand","embeddable":true,"href":"https:\/\/offimex.com\/en\/wp-json\/wp\/v2\/product_brand?post=2392"},{"taxonomy":"product_cat","embeddable":true,"href":"https:\/\/offimex.com\/en\/wp-json\/wp\/v2\/product_cat?post=2392"},{"taxonomy":"product_tag","embeddable":true,"href":"https:\/\/offimex.com\/en\/wp-json\/wp\/v2\/product_tag?post=2392"}],"curies":[{"name":"wp","href":"https:\/\/api.w.org\/{rel}","templated":true}]}}