{"id":2189,"date":"2024-05-27T15:19:37","date_gmt":"2024-05-27T15:19:37","guid":{"rendered":"https:\/\/offimex.com\/nos-solutions-softwares\/"},"modified":"2024-12-13T14:29:12","modified_gmt":"2024-12-13T14:29:12","slug":"nos-solutions-softwares","status":"publish","type":"page","link":"https:\/\/offimex.com\/en\/nos-solutions-softwares\/","title":{"rendered":"Nos solutions Softwares"},"content":{"rendered":"<p>[et_pb_section fb_built=&#8221;1&#8243; _builder_version=&#8221;4.24.0&#8243; _module_preset=&#8221;default&#8221; background_color=&#8221;#e8ebf3&#8243; locked=&#8221;off&#8221; global_colors_info=&#8221;{}&#8221;][et_pb_row _builder_version=&#8221;4.24.0&#8243; _module_preset=&#8221;default&#8221; global_colors_info=&#8221;{}&#8221;][et_pb_column type=&#8221;4_4&#8243; _builder_version=&#8221;4.24.0&#8243; _module_preset=&#8221;default&#8221; global_colors_info=&#8221;{}&#8221;][et_pb_text _builder_version=&#8221;4.25.2&#8243; _module_preset=&#8221;default&#8221; header_font=&#8221;Poppins|600|||||||&#8221; header_text_align=&#8221;center&#8221; header_font_size=&#8221;36px&#8221; custom_margin=&#8221;||10px||false|false&#8221; hover_enabled=&#8221;0&#8243; global_colors_info=&#8221;{}&#8221; sticky_enabled=&#8221;0&#8243;]<\/p>\n<h1 class=\"title\">Our Software &#038; IP Phone Solutions in the Cloud<\/h1>\n<p>[\/et_pb_text][et_pb_text _builder_version=&#8221;4.25.2&#8243; _module_preset=&#8221;default&#8221; text_font=&#8221;Poppins||||||||&#8221; text_orientation=&#8221;center&#8221; hover_enabled=&#8221;0&#8243; global_colors_info=&#8221;{}&#8221; sticky_enabled=&#8221;0&#8243;]<\/p>\n<p>Home &gt; Our Software &amp; IP Phone Solutions in the Cloud<\/p>\n<p>[\/et_pb_text][\/et_pb_column][\/et_pb_row][\/et_pb_section][et_pb_section fb_built=&#8221;1&#8243; _builder_version=&#8221;4.24.0&#8243; _module_preset=&#8221;default&#8221; custom_margin=&#8221;||0px||false|false&#8221; custom_padding=&#8221;||0px||false|false&#8221; locked=&#8221;off&#8221; global_colors_info=&#8221;{}&#8221;][et_pb_row _builder_version=&#8221;4.24.0&#8243; _module_preset=&#8221;default&#8221; custom_margin=&#8221;-120px||||false|false&#8221; animation_style=&#8221;fold&#8221; global_colors_info=&#8221;{}&#8221;][et_pb_column type=&#8221;4_4&#8243; _builder_version=&#8221;4.24.0&#8243; _module_preset=&#8221;default&#8221; global_colors_info=&#8221;{}&#8221;][et_pb_cta _builder_version=&#8221;4.25.2&#8243; _module_preset=&#8221;default&#8221; body_font=&#8221;Poppins|600|||||||&#8221; body_font_size=&#8221;15px&#8221; body_line_height=&#8221;1.8em&#8221; background_color=&#8221;#223e8b&#8221; custom_padding=&#8221;||20px||false|false&#8221; hover_enabled=&#8221;0&#8243; border_radii=&#8221;on|10px|10px|10px|10px&#8221; global_colors_info=&#8221;{}&#8221; sticky_enabled=&#8221;0&#8243;]Do you want automatic backups of your files and data protection?<br \/>\nNeed a professional phone solution to equip your offices?<\/p>\n<p>We are on the path to digital transformation. Request your free audit today.<br \/>\nDiscover all our services now \u2013 Offimex Belgium![\/et_pb_cta][\/et_pb_column][\/et_pb_row][\/et_pb_section][et_pb_section fb_built=&#8221;1&#8243; next_background_color=&#8221;#e8ebf3&#8243; _builder_version=&#8221;4.24.0&#8243; _module_preset=&#8221;default&#8221; custom_padding=&#8221;||100px||false|false&#8221; bottom_divider_style=&#8221;ramp2&#8243; global_colors_info=&#8221;{}&#8221;][et_pb_row _builder_version=&#8221;4.24.0&#8243; _module_preset=&#8221;default&#8221; global_colors_info=&#8221;{}&#8221;][et_pb_column type=&#8221;4_4&#8243; _builder_version=&#8221;4.24.0&#8243; _module_preset=&#8221;default&#8221; global_colors_info=&#8221;{}&#8221;][et_pb_text module_class=&#8221;sub-titleCent&#8221; _builder_version=&#8221;4.24.0&#8243; _module_preset=&#8221;default&#8221; header_2_font=&#8221;Poppins|600|||||||&#8221; header_2_text_align=&#8221;center&#8221; header_2_text_color=&#8221;#223e8b&#8221; header_2_font_size=&#8221;16px&#8221; header_2_line_height=&#8221;1.4em&#8221; custom_margin=&#8221;||20px||false|false&#8221; locked=&#8221;off&#8221; global_colors_info=&#8221;{}&#8221;]<\/p>\n<h2>OFFIMEX<\/h2>\n<p>[\/et_pb_text][et_pb_text _builder_version=&#8221;4.25.2&#8243; _module_preset=&#8221;default&#8221; header_2_font=&#8221;Poppins|600|||||||&#8221; header_2_text_align=&#8221;center&#8221; header_2_font_size=&#8221;30px&#8221; header_2_line_height=&#8221;1.4em&#8221; custom_margin=&#8221;||10px||false|false&#8221; hover_enabled=&#8221;0&#8243; global_colors_info=&#8221;{}&#8221; sticky_enabled=&#8221;0&#8243;]<\/p>\n<h2><strong>Our Software Solutions<\/strong><\/h2>\n<p>[\/et_pb_text][et_pb_text _builder_version=&#8221;4.24.0&#8243; _module_preset=&#8221;default&#8221; text_font=&#8221;Open Sans||||||||&#8221; text_font_size=&#8221;15px&#8221; text_orientation=&#8221;center&#8221; global_colors_info=&#8221;{}&#8221;]<\/p>\n<p>Les services et produits que nous proposons \u00e0 l\u2019ensemble de notre client\u00e8le professionnelle sont les suivants :<\/p>\n<p>&nbsp;<\/p>\n<p>[\/et_pb_text][\/et_pb_column][\/et_pb_row][et_pb_row column_structure=&#8221;1_2,1_2&#8243; make_equal=&#8221;on&#8221; module_id=&#8221;softwares&#8221; _builder_version=&#8221;4.24.0&#8243; _module_preset=&#8221;default&#8221; max_width=&#8221;1200px&#8221; global_colors_info=&#8221;{}&#8221;][et_pb_column type=&#8221;1_2&#8243; _builder_version=&#8221;4.24.0&#8243; _module_preset=&#8221;default&#8221; animation_style=&#8221;fade&#8221; custom_css_main_element=&#8221;margin:auto;&#8221; global_colors_info=&#8221;{}&#8221;][et_pb_image src=&#8221;https:\/\/offimex.com\/wp-content\/uploads\/2024\/05\/5464654654163468.png&#8221; title_text=&#8221;5464654654163468&#8243; _builder_version=&#8221;4.24.0&#8243; _module_preset=&#8221;default&#8221; custom_margin=&#8221;||20px||false|false&#8221; global_colors_info=&#8221;{}&#8221;][\/et_pb_image][\/et_pb_column][et_pb_column type=&#8221;1_2&#8243; _builder_version=&#8221;4.24.0&#8243; _module_preset=&#8221;default&#8221; animation_style=&#8221;zoom&#8221; custom_css_main_element=&#8221;margin:auto;&#8221; global_colors_info=&#8221;{}&#8221;][et_pb_text _builder_version=&#8221;4.24.0&#8243; _module_preset=&#8221;default&#8221; header_3_font=&#8221;Poppins|600|||||||&#8221; header_3_text_color=&#8221;#223e8b&#8221; header_3_line_height=&#8221;1.4em&#8221; custom_margin=&#8221;||0px||false|false&#8221; global_colors_info=&#8221;{}&#8221;]<\/p>\n<h3><strong>Softwares<\/strong><\/h3>\n<p>[\/et_pb_text][et_pb_text _builder_version=&#8221;4.25.2&#8243; _module_preset=&#8221;default&#8221; text_font=&#8221;Open Sans||||||||&#8221; text_text_color=&#8221;#03060d&#8221; text_font_size=&#8221;15px&#8221; text_line_height=&#8221;1.8em&#8221; width=&#8221;92%&#8221; hover_enabled=&#8221;0&#8243; global_colors_info=&#8221;{}&#8221; sticky_enabled=&#8221;0&#8243;]<\/p>\n<p>Our qualified technicians offer tailored software solutions to improve your business operations.<\/p>\n<p>We offer a wide range of software solutions, including specialized business software for managing scans, workflow automation, archiving (<strong><a style=\"color: #223e8b;\" href=\"\/en\/docuware\/\" target=\"_blank\" rel=\"noopener\">DOCUWARE<\/a><\/strong>), automated scan processing, electronic signatures, OCR, indexing, and cloud uploading (<strong><a style=\"color: #223e8b;\" href=\"\/en\/scanninger\/\" target=\"_blank\" rel=\"noopener\">SCANNINGER &#8211; Control +<\/a><\/strong>, <strong><a style=\"color: #223e8b;\" href=\"\/en\/rsi-package\/\" target=\"_blank\" rel=\"noopener\">RSI PACKAGE<\/a><\/strong>, <a style=\"color: #223e8b;\" href=\"\/en\/scanninger\/\" target=\"_blank\" rel=\"noopener\">Flex Release<\/a>, etc.). Contact our specialists for advice today!<\/p>\n<p><strong style=\"color: #03060d;\">We are on the path to digital transformation.<\/strong><\/p>\n<p>[\/et_pb_text][\/et_pb_column][\/et_pb_row][\/et_pb_section][et_pb_section fb_built=&#8221;1&#8243; _builder_version=&#8221;4.24.0&#8243; _module_preset=&#8221;default&#8221; background_color=&#8221;#e8ebf3&#8243; global_colors_info=&#8221;{}&#8221;][et_pb_row column_structure=&#8221;1_2,1_2&#8243; make_equal=&#8221;on&#8221; module_id=&#8221;telephone-ip&#8221; _builder_version=&#8221;4.24.0&#8243; _module_preset=&#8221;default&#8221; global_colors_info=&#8221;{}&#8221;][et_pb_column type=&#8221;1_2&#8243; _builder_version=&#8221;4.24.0&#8243; _module_preset=&#8221;default&#8221; animation_style=&#8221;fold&#8221; custom_css_main_element=&#8221;margin:auto;&#8221; global_colors_info=&#8221;{}&#8221;][et_pb_text module_class=&#8221;icon-text&#8221; _builder_version=&#8221;4.25.2&#8243; _module_preset=&#8221;default&#8221; header_3_font=&#8221;Poppins|600|||||||&#8221; header_3_text_color=&#8221;#223e8b&#8221; header_3_line_height=&#8221;1.7em&#8221; custom_margin=&#8221;||10px||false|false&#8221; hover_enabled=&#8221;0&#8243; header_3_font_size_tablet=&#8221;&#8221; header_3_font_size_phone=&#8221;19px&#8221; header_3_font_size_last_edited=&#8221;on|phone&#8221; global_colors_info=&#8221;{}&#8221; sticky_enabled=&#8221;0&#8243;]<\/p>\n<h3>IP Phone in the Cloud<\/h3>\n<p>[\/et_pb_text][et_pb_text _builder_version=&#8221;4.25.2&#8243; _module_preset=&#8221;default&#8221; text_font=&#8221;Open Sans||||||||&#8221; text_text_color=&#8221;#03060d&#8221; text_font_size=&#8221;15px&#8221; text_line_height=&#8221;1.8em&#8221; hover_enabled=&#8221;0&#8243; global_colors_info=&#8221;{}&#8221; sticky_enabled=&#8221;0&#8243;]Offimex has chosen to represent Allo Cloud communication products for their reliability and extreme flexibility.<\/p>\n<p>This professional phone solution replaces your traditional phone system and lines (fixed or mobile) with a virtual phone system in the cloud.<\/p>\n<p>It is suitable for all types of businesses and sizes. By combining this cloud-based system with VOIP technology, your telephony integrates into the digital office world, offering numerous benefits.<\/p>\n<p>The solution is easy to use, comprehensive, and flexible, addressing all communication needs, including web meetings, with just an internet connection.<\/p>\n<p>The savings, time efficiency, and effectiveness are immediate.[\/et_pb_text][et_pb_button button_url=&#8221;https:\/\/www.allocloud.com\/fr\/business-telephony&#8221; url_new_window=&#8221;on&#8221; button_text=&#8221;Learn more&#8221; button_alignment=&#8221;left&#8221; _builder_version=&#8221;4.25.2&#8243; _module_preset=&#8221;default&#8221; custom_button=&#8221;on&#8221; button_text_size=&#8221;14px&#8221; button_text_color=&#8221;#e8ebf3&#8243; button_bg_color=&#8221;#223e8b&#8221; button_border_radius=&#8221;50px&#8221; button_letter_spacing=&#8221;1px&#8221; button_font=&#8221;Poppins|600|||||||&#8221; button_icon=&#8221;&#x35;||divi||400&#8243; custom_margin=&#8221;||50px||false|false&#8221; custom_padding=&#8221;10px||10px||false|false&#8221; hover_enabled=&#8221;0&#8243; locked=&#8221;off&#8221; global_colors_info=&#8221;{}&#8221; sticky_enabled=&#8221;0&#8243;][\/et_pb_button][\/et_pb_column][et_pb_column type=&#8221;1_2&#8243; _builder_version=&#8221;4.24.0&#8243; _module_preset=&#8221;default&#8221; animation_style=&#8221;fade&#8221; custom_css_main_element=&#8221;margin:auto;&#8221; global_colors_info=&#8221;{}&#8221;][et_pb_image src=&#8221;https:\/\/offimex.com\/wp-content\/uploads\/2024\/05\/Devices-mockup-Monitor-Deskphone-Smartphone.png&#8221; title_text=&#8221;Devices-mockup-Monitor-Deskphone-Smartphone&#8221; module_class=&#8221;object&#8221; _builder_version=&#8221;4.24.0&#8243; _module_preset=&#8221;default&#8221; global_colors_info=&#8221;{}&#8221;][\/et_pb_image][\/et_pb_column][\/et_pb_row][\/et_pb_section][et_pb_section fb_built=&#8221;1&#8243; prev_background_color=&#8221;#e8ebf3&#8243; _builder_version=&#8221;4.24.0&#8243; _module_preset=&#8221;default&#8221; background_color=&#8221;#FFFFFF&#8221; custom_padding=&#8221;100px||||false|false&#8221; top_divider_style=&#8221;arrow3&#8243; locked=&#8221;off&#8221; global_colors_info=&#8221;{}&#8221;][et_pb_row _builder_version=&#8221;4.24.0&#8243; _module_preset=&#8221;default&#8221; animation_style=&#8221;bounce&#8221; global_colors_info=&#8221;{}&#8221;][et_pb_column type=&#8221;4_4&#8243; _builder_version=&#8221;4.24.0&#8243; _module_preset=&#8221;default&#8221; global_colors_info=&#8221;{}&#8221;][et_pb_text module_class=&#8221;sub-titleCent&#8221; _builder_version=&#8221;4.24.0&#8243; _module_preset=&#8221;default&#8221; header_2_font=&#8221;Poppins|600|||||||&#8221; header_2_text_align=&#8221;center&#8221; header_2_text_color=&#8221;#223e8b&#8221; header_2_font_size=&#8221;16px&#8221; header_2_line_height=&#8221;1.4em&#8221; custom_margin=&#8221;||20px||false|false&#8221; locked=&#8221;off&#8221; global_colors_info=&#8221;{}&#8221;]<\/p>\n<h2>OFFIMEX<\/h2>\n<p>[\/et_pb_text][et_pb_text _builder_version=&#8221;4.25.2&#8243; _module_preset=&#8221;default&#8221; text_font=&#8221;Poppins|600|||||||&#8221; text_text_color=&#8221;#03060d&#8221; text_font_size=&#8221;16px&#8221; text_orientation=&#8221;center&#8221; hover_enabled=&#8221;0&#8243; global_colors_info=&#8221;{}&#8221; sticky_enabled=&#8221;0&#8243;]A customer service team ready to listen to you!<\/p>\n<p>[\/et_pb_text][et_pb_button button_url=&#8221;\/en\/contactez-nous\/&#8221; url_new_window=&#8221;on&#8221; button_text=&#8221;Contact us&#8221; button_alignment=&#8221;center&#8221; _builder_version=&#8221;4.25.2&#8243; _module_preset=&#8221;default&#8221; custom_button=&#8221;on&#8221; button_text_size=&#8221;16px&#8221; button_text_color=&#8221;#e8ebf3&#8243; button_bg_color=&#8221;#223e8b&#8221; button_border_radius=&#8221;50px&#8221; button_letter_spacing=&#8221;1px&#8221; button_font=&#8221;Poppins|600|||||||&#8221; button_icon=&#8221;&#xf2b6;||fa||900&#8243; button_icon_placement=&#8221;left&#8221; custom_padding=&#8221;10px||10px||false|false&#8221; hover_enabled=&#8221;0&#8243; locked=&#8221;off&#8221; global_colors_info=&#8221;{}&#8221; sticky_enabled=&#8221;0&#8243;][\/et_pb_button][\/et_pb_column][\/et_pb_row][\/et_pb_section]<\/p>\n","protected":false},"excerpt":{"rendered":"<p>Our Software &#038; IP Phone Solutions in the Cloud Home &gt; Our Software &amp; IP Phone Solutions in the CloudDo you want automatic backups of your files and data protection? Need a professional phone solution to equip your offices? We are on the path to digital transformation. Request your free audit today. Discover all our [&hellip;]<\/p>\n","protected":false},"author":2,"featured_media":0,"parent":0,"menu_order":0,"comment_status":"closed","ping_status":"closed","template":"","meta":{"_acf_changed":false,"_et_pb_use_builder":"on","_et_pb_old_content":"<!-- wp:divi\/placeholder \/-->","_et_gb_content_width":"","footnotes":""},"class_list":["post-2189","page","type-page","status-publish","hentry"],"acf":[],"yoast_head":"<!-- This site is optimized with the Yoast SEO plugin v27.4 - https:\/\/yoast.com\/product\/yoast-seo-wordpress\/ -->\n<title>Solutions Logicielles pour Entreprises | OFFIMEX<\/title>\n<meta name=\"description\" content=\"D\u00e9couvrez nos solutions logicielles adapt\u00e9es \u00e0 vos besoins d&#039;entreprise. Am\u00e9liorez votre gestion et votre productivit\u00e9 avec OFFIMEX.\" \/>\n<meta name=\"robots\" content=\"index, follow, max-snippet:-1, max-image-preview:large, max-video-preview:-1\" \/>\n<link rel=\"canonical\" href=\"https:\/\/offimex.com\/en\/nos-solutions-softwares\/\" \/>\n<meta property=\"og:locale\" content=\"en_US\" \/>\n<meta property=\"og:type\" content=\"article\" \/>\n<meta property=\"og:title\" content=\"Solutions Logicielles pour Entreprises | OFFIMEX\" \/>\n<meta property=\"og:description\" content=\"D\u00e9couvrez nos solutions logicielles adapt\u00e9es \u00e0 vos besoins d&#039;entreprise. Am\u00e9liorez votre gestion et votre productivit\u00e9 avec OFFIMEX.\" \/>\n<meta property=\"og:url\" content=\"https:\/\/offimex.com\/en\/nos-solutions-softwares\/\" \/>\n<meta property=\"og:site_name\" content=\"Offimex\" \/>\n<meta property=\"article:modified_time\" content=\"2024-12-13T14:29:12+00:00\" \/>\n<meta name=\"twitter:card\" content=\"summary_large_image\" \/>\n<meta name=\"twitter:label1\" content=\"Est. reading time\" \/>\n\t<meta name=\"twitter:data1\" content=\"7 minutes\" \/>\n<script type=\"application\/ld+json\" class=\"yoast-schema-graph\">{\"@context\":\"https:\\\/\\\/schema.org\",\"@graph\":[{\"@type\":\"WebPage\",\"@id\":\"https:\\\/\\\/offimex.com\\\/en\\\/nos-solutions-softwares\\\/\",\"url\":\"https:\\\/\\\/offimex.com\\\/en\\\/nos-solutions-softwares\\\/\",\"name\":\"Solutions Logicielles pour Entreprises | OFFIMEX\",\"isPartOf\":{\"@id\":\"https:\\\/\\\/offimex.com\\\/en\\\/#website\"},\"datePublished\":\"2024-05-27T15:19:37+00:00\",\"dateModified\":\"2024-12-13T14:29:12+00:00\",\"description\":\"D\u00e9couvrez nos solutions logicielles adapt\u00e9es \u00e0 vos besoins d'entreprise. Am\u00e9liorez votre gestion et votre productivit\u00e9 avec OFFIMEX.\",\"breadcrumb\":{\"@id\":\"https:\\\/\\\/offimex.com\\\/en\\\/nos-solutions-softwares\\\/#breadcrumb\"},\"inLanguage\":\"en-US\",\"potentialAction\":[{\"@type\":\"ReadAction\",\"target\":[\"https:\\\/\\\/offimex.com\\\/en\\\/nos-solutions-softwares\\\/\"]}]},{\"@type\":\"BreadcrumbList\",\"@id\":\"https:\\\/\\\/offimex.com\\\/en\\\/nos-solutions-softwares\\\/#breadcrumb\",\"itemListElement\":[{\"@type\":\"ListItem\",\"position\":1,\"name\":\"Accueil\",\"item\":\"https:\\\/\\\/offimex.com\\\/en\\\/\"},{\"@type\":\"ListItem\",\"position\":2,\"name\":\"Nos solutions Softwares\"}]},{\"@type\":\"WebSite\",\"@id\":\"https:\\\/\\\/offimex.com\\\/en\\\/#website\",\"url\":\"https:\\\/\\\/offimex.com\\\/en\\\/\",\"name\":\"Offimex\",\"description\":\"\",\"publisher\":{\"@id\":\"https:\\\/\\\/offimex.com\\\/en\\\/#organization\"},\"potentialAction\":[{\"@type\":\"SearchAction\",\"target\":{\"@type\":\"EntryPoint\",\"urlTemplate\":\"https:\\\/\\\/offimex.com\\\/en\\\/?s={search_term_string}\"},\"query-input\":{\"@type\":\"PropertyValueSpecification\",\"valueRequired\":true,\"valueName\":\"search_term_string\"}}],\"inLanguage\":\"en-US\"},{\"@type\":\"Organization\",\"@id\":\"https:\\\/\\\/offimex.com\\\/en\\\/#organization\",\"name\":\"Offimex\",\"url\":\"https:\\\/\\\/offimex.com\\\/en\\\/\",\"logo\":{\"@type\":\"ImageObject\",\"inLanguage\":\"en-US\",\"@id\":\"https:\\\/\\\/offimex.com\\\/en\\\/#\\\/schema\\\/logo\\\/image\\\/\",\"url\":\"https:\\\/\\\/offimex.com\\\/wp-content\\\/uploads\\\/2024\\\/05\\\/cropped-icon-logo-offimex-Saint-Gilles-1.png\",\"contentUrl\":\"https:\\\/\\\/offimex.com\\\/wp-content\\\/uploads\\\/2024\\\/05\\\/cropped-icon-logo-offimex-Saint-Gilles-1.png\",\"width\":512,\"height\":512,\"caption\":\"Offimex\"},\"image\":{\"@id\":\"https:\\\/\\\/offimex.com\\\/en\\\/#\\\/schema\\\/logo\\\/image\\\/\"}}]}<\/script>\n<!-- \/ Yoast SEO plugin. -->","yoast_head_json":{"title":"Solutions Logicielles pour Entreprises | OFFIMEX","description":"D\u00e9couvrez nos solutions logicielles adapt\u00e9es \u00e0 vos besoins d'entreprise. Am\u00e9liorez votre gestion et votre productivit\u00e9 avec OFFIMEX.","robots":{"index":"index","follow":"follow","max-snippet":"max-snippet:-1","max-image-preview":"max-image-preview:large","max-video-preview":"max-video-preview:-1"},"canonical":"https:\/\/offimex.com\/en\/nos-solutions-softwares\/","og_locale":"en_US","og_type":"article","og_title":"Solutions Logicielles pour Entreprises | OFFIMEX","og_description":"D\u00e9couvrez nos solutions logicielles adapt\u00e9es \u00e0 vos besoins d'entreprise. Am\u00e9liorez votre gestion et votre productivit\u00e9 avec OFFIMEX.","og_url":"https:\/\/offimex.com\/en\/nos-solutions-softwares\/","og_site_name":"Offimex","article_modified_time":"2024-12-13T14:29:12+00:00","twitter_card":"summary_large_image","twitter_misc":{"Est. reading time":"7 minutes"},"schema":{"@context":"https:\/\/schema.org","@graph":[{"@type":"WebPage","@id":"https:\/\/offimex.com\/en\/nos-solutions-softwares\/","url":"https:\/\/offimex.com\/en\/nos-solutions-softwares\/","name":"Solutions Logicielles pour Entreprises | OFFIMEX","isPartOf":{"@id":"https:\/\/offimex.com\/en\/#website"},"datePublished":"2024-05-27T15:19:37+00:00","dateModified":"2024-12-13T14:29:12+00:00","description":"D\u00e9couvrez nos solutions logicielles adapt\u00e9es \u00e0 vos besoins d'entreprise. Am\u00e9liorez votre gestion et votre productivit\u00e9 avec OFFIMEX.","breadcrumb":{"@id":"https:\/\/offimex.com\/en\/nos-solutions-softwares\/#breadcrumb"},"inLanguage":"en-US","potentialAction":[{"@type":"ReadAction","target":["https:\/\/offimex.com\/en\/nos-solutions-softwares\/"]}]},{"@type":"BreadcrumbList","@id":"https:\/\/offimex.com\/en\/nos-solutions-softwares\/#breadcrumb","itemListElement":[{"@type":"ListItem","position":1,"name":"Accueil","item":"https:\/\/offimex.com\/en\/"},{"@type":"ListItem","position":2,"name":"Nos solutions Softwares"}]},{"@type":"WebSite","@id":"https:\/\/offimex.com\/en\/#website","url":"https:\/\/offimex.com\/en\/","name":"Offimex","description":"","publisher":{"@id":"https:\/\/offimex.com\/en\/#organization"},"potentialAction":[{"@type":"SearchAction","target":{"@type":"EntryPoint","urlTemplate":"https:\/\/offimex.com\/en\/?s={search_term_string}"},"query-input":{"@type":"PropertyValueSpecification","valueRequired":true,"valueName":"search_term_string"}}],"inLanguage":"en-US"},{"@type":"Organization","@id":"https:\/\/offimex.com\/en\/#organization","name":"Offimex","url":"https:\/\/offimex.com\/en\/","logo":{"@type":"ImageObject","inLanguage":"en-US","@id":"https:\/\/offimex.com\/en\/#\/schema\/logo\/image\/","url":"https:\/\/offimex.com\/wp-content\/uploads\/2024\/05\/cropped-icon-logo-offimex-Saint-Gilles-1.png","contentUrl":"https:\/\/offimex.com\/wp-content\/uploads\/2024\/05\/cropped-icon-logo-offimex-Saint-Gilles-1.png","width":512,"height":512,"caption":"Offimex"},"image":{"@id":"https:\/\/offimex.com\/en\/#\/schema\/logo\/image\/"}}]}},"_links":{"self":[{"href":"https:\/\/offimex.com\/en\/wp-json\/wp\/v2\/pages\/2189","targetHints":{"allow":["GET"]}}],"collection":[{"href":"https:\/\/offimex.com\/en\/wp-json\/wp\/v2\/pages"}],"about":[{"href":"https:\/\/offimex.com\/en\/wp-json\/wp\/v2\/types\/page"}],"author":[{"embeddable":true,"href":"https:\/\/offimex.com\/en\/wp-json\/wp\/v2\/users\/2"}],"replies":[{"embeddable":true,"href":"https:\/\/offimex.com\/en\/wp-json\/wp\/v2\/comments?post=2189"}],"version-history":[{"count":1,"href":"https:\/\/offimex.com\/en\/wp-json\/wp\/v2\/pages\/2189\/revisions"}],"predecessor-version":[{"id":2202,"href":"https:\/\/offimex.com\/en\/wp-json\/wp\/v2\/pages\/2189\/revisions\/2202"}],"wp:attachment":[{"href":"https:\/\/offimex.com\/en\/wp-json\/wp\/v2\/media?parent=2189"}],"curies":[{"name":"wp","href":"https:\/\/api.w.org\/{rel}","templated":true}]}}